{"id":3325,"date":"2020-02-20T10:35:58","date_gmt":"2020-02-20T10:35:58","guid":{"rendered":"https:\/\/www.babylon.fr\/campus\/?page_id=3325"},"modified":"2024-02-29T10:29:03","modified_gmt":"2024-02-29T10:29:03","slug":"reglement-interieur","status":"publish","type":"page","link":"https:\/\/www.babylon.fr\/campus\/reglement-interieur\/","title":{"rendered":"R\u00e8glement int\u00e9rieur"},"content":{"rendered":"\t\t<div data-elementor-type=\"wp-page\" data-elementor-id=\"3325\" class=\"elementor elementor-3325\" data-elementor-post-type=\"page\">\n\t\t\t\t\t\t<section class=\"elementor-section elementor-top-section elementor-element elementor-element-808985e elementor-section-stretched elementor-section-full_width elementor-section-height-min-height elementor-section-items-stretch elementor-section-height-default\" data-id=\"808985e\" data-element_type=\"section\" data-e-type=\"section\" data-settings=\"{&quot;stretch_section&quot;:&quot;section-stretched&quot;,&quot;background_background&quot;:&quot;gradient&quot;,&quot;animation&quot;:&quot;none&quot;}\">\n\t\t\t\t\t\t\t<div class=\"elementor-background-overlay\"><\/div>\n\t\t\t\t\t\t\t<div class=\"elementor-container elementor-column-gap-default\">\n\t\t\t\t\t<div class=\"elementor-column elementor-col-100 elementor-top-column elementor-element elementor-element-857bd3b\" data-id=\"857bd3b\" data-element_type=\"column\" data-e-type=\"column\" data-settings=\"{&quot;background_background&quot;:&quot;classic&quot;}\">\n\t\t\t<div class=\"elementor-widget-wrap elementor-element-populated\">\n\t\t\t\t\t\t<div class=\"elementor-element elementor-element-e5d3afc elementor-widget elementor-widget-heading\" data-id=\"e5d3afc\" data-element_type=\"widget\" data-e-type=\"widget\" data-widget_type=\"heading.default\">\n\t\t\t\t<div class=\"elementor-widget-container\">\n\t\t\t\t\t<h1 class=\"elementor-heading-title elementor-size-default\">R\u00e8glement int\u00e9rieur<\/h1>\t\t\t\t<\/div>\n\t\t\t\t<\/div>\n\t\t\t\t<section class=\"elementor-section elementor-inner-section elementor-element elementor-element-7f2c083 elementor-section-height-min-height elementor-section-boxed elementor-section-height-default\" data-id=\"7f2c083\" data-element_type=\"section\" data-e-type=\"section\" data-settings=\"{&quot;background_background&quot;:&quot;classic&quot;,&quot;animation&quot;:&quot;none&quot;}\">\n\t\t\t\t\t\t<div class=\"elementor-container elementor-column-gap-default\">\n\t\t\t\t\t<div class=\"elementor-column elementor-col-100 elementor-inner-column elementor-element elementor-element-d229aba\" data-id=\"d229aba\" data-element_type=\"column\" data-e-type=\"column\">\n\t\t\t<div class=\"elementor-widget-wrap\">\n\t\t\t\t\t\t\t<\/div>\n\t\t<\/div>\n\t\t\t\t\t<\/div>\n\t\t<\/section>\n\t\t\t\t\t<\/div>\n\t\t<\/div>\n\t\t\t\t\t<\/div>\n\t\t<\/section>\n\t\t\t\t<section class=\"elementor-section elementor-top-section elementor-element elementor-element-1efc902 elementor-section-boxed elementor-section-height-default elementor-section-height-default\" data-id=\"1efc902\" data-element_type=\"section\" data-e-type=\"section\">\n\t\t\t\t\t\t<div class=\"elementor-container elementor-column-gap-default\">\n\t\t\t\t\t<div class=\"elementor-column elementor-col-100 elementor-top-column elementor-element elementor-element-d321361\" data-id=\"d321361\" data-element_type=\"column\" data-e-type=\"column\">\n\t\t\t<div class=\"elementor-widget-wrap\">\n\t\t\t\t\t\t\t<\/div>\n\t\t<\/div>\n\t\t\t\t\t<\/div>\n\t\t<\/section>\n\t\t\t\t<section class=\"elementor-section elementor-top-section elementor-element elementor-element-64b8836 elementor-section-boxed elementor-section-height-default elementor-section-height-default\" data-id=\"64b8836\" data-element_type=\"section\" data-e-type=\"section\" data-settings=\"{&quot;animation&quot;:&quot;none&quot;}\">\n\t\t\t\t\t\t<div class=\"elementor-container elementor-column-gap-default\">\n\t\t\t\t\t<div class=\"elementor-column elementor-col-100 elementor-top-column elementor-element elementor-element-a6b6e23\" data-id=\"a6b6e23\" data-element_type=\"column\" data-e-type=\"column\">\n\t\t\t<div class=\"elementor-widget-wrap elementor-element-populated\">\n\t\t\t\t\t\t<div class=\"elementor-element elementor-element-0c25178 elementor-widget elementor-widget-heading\" data-id=\"0c25178\" data-element_type=\"widget\" data-e-type=\"widget\" data-widget_type=\"heading.default\">\n\t\t\t\t<div class=\"elementor-widget-container\">\n\t\t\t\t\t<h2 class=\"elementor-heading-title elementor-size-default\"><strong>R\u00e8glement int\u00e9rieur de Babylon.fr<\/strong>\n<br>Formations E-learning<\/h2>\t\t\t\t<\/div>\n\t\t\t\t<\/div>\n\t\t\t\t<div class=\"elementor-element elementor-element-434a030 elementor-widget elementor-widget-text-editor\" data-id=\"434a030\" data-element_type=\"widget\" data-e-type=\"widget\" data-widget_type=\"text-editor.default\">\n\t\t\t\t<div class=\"elementor-widget-container\">\n\t\t\t\t\t\t\t\t\t<h3>Introduction<\/h3><h4>Article 1<\/h4><p>Le pr\u00e9sent r\u00e8glement s\u2019applique \u00e0 tous les apprenants pendant la formation suivie.<br \/>Le pr\u00e9sent r\u00e8glement est \u00e9tabli conform\u00e9ment aux dispositions des articles L 6352-3 et L 6352-4 et R 6352-1 \u00e0 R 6352-15 du Code du Travail.<\/p><h4>Article 2<\/h4><p>Les parties pr\u00e9sentielles des formations en blended-learning sont dispens\u00e9es, non pas dans l\u2019organisme de formation, mais dans un lieu neutre tel qu\u2019un espace de coworking ou une location d\u2019espace dans un h\u00f4tel. De ce fait, le r\u00e8glement int\u00e9rieur s\u2019appliquant sera celui de l\u2019endroit o\u00f9 se d\u00e9roulera la formation.<\/p><h3>Hygi\u00e8ne et s\u00e9curit\u00e9<\/h3><h4>Article 3<\/h4><p>La pr\u00e9vention des risques d\u2019accidents et de maladies est imp\u00e9rative et exige de chacun le respect :<\/p><p>-Des prescriptions applicables en mati\u00e8re d\u2019hygi\u00e8ne et de s\u00e9curit\u00e9 sur les lieux de formation ;<br \/>-De toute consigne impos\u00e9e soit par la direction de l\u2019organisme de formation soit par le constructeur ou le formateur s\u2019agissant notamment de l\u2019usage des mat\u00e9riels mis \u00e0 disposition.<\/p><p>Chaque apprenant doit ainsi veiller \u00e0 sa s\u00e9curit\u00e9 personnelle et \u00e0 celle des autres en respectant les consignes g\u00e9n\u00e9rales et particuli\u00e8res en mati\u00e8re d\u2019hygi\u00e8ne et de s\u00e9curit\u00e9. Le non-respect de ces consignes expose la personne \u00e0 des sanctions disciplinaires.<\/p><p>L&rsquo;organisme de formation ne pourra \u00eatre tenu pour responsable d&rsquo;incidents ou d&rsquo;accidents survenus \u00e0 distance pendant les heures de formation et en particulier li\u00e9es \u00e0 l&rsquo;utilisation des outils informatiques et internet.<\/p><h3>Discipline g\u00e9n\u00e9rale<\/h3><h4>Article 4<\/h4><p>Dans le cadre de la formation \u00e0 distance, il n\u2019y a pas de mise \u00e0 disposition de locaux. Les apprenants d\u00e9pendent alors du r\u00e8glement int\u00e9rieur de leur entreprise. Si les apprenants se connectent de chez eux, c\u2019est le pr\u00e9sent r\u00e8glement qui s\u2019applique.<\/p><h4>Article 5<\/h4><p>Il est formellement interdit, sauf d\u00e9rogation expresse, d\u2019enregistrer ou de filmer les sessions de formation.<br \/>Dans le cadre des formations E-learning, il est strictement interdit de reproduire int\u00e9gralement ou partiellement, transformer, traduire, repr\u00e9senter, et plus g\u00e9n\u00e9ralement, d\u2019exploiter des modules utilis\u00e9s dans le cadre de la formation. Les codes d\u2019acc\u00e8s sont \u00e9galement confidentiels et doivent \u00eatre en aucun cas divulgu\u00e9s, revendus ou c\u00e9d\u00e9s \u00e0 un tiers.<\/p><h4>Article 6<\/h4><p>Les apprenants s\u2019engagent \u00e0 avoir une utilisation correcte du campus : ne pas laisser tourner le compteur, ne pas faire de spam\u2026 sous peine d\u2019un ou plusieurs rappel(s) \u00e0 l\u2019ordre de la part de l\u2019\u00e9quipe p\u00e9dagogique.<\/p><h4>Article 7<\/h4><p>Les apprenants doivent se conformer aux horaires fix\u00e9s et communiqu\u00e9s au pr\u00e9alable par l\u2019organisme de formation. Le non-respect de ces horaires peut entra\u00eener des sanctions. Sauf circonstances exceptionnelles, les apprenants ne peuvent s\u2019absenter pendant les heures de pr\u00e9sentiel.<\/p><h4>Article 8<\/h4><p>En cas d\u2019absence, de retard ou de d\u00e9part avant l\u2019horaire pr\u00e9vu, les apprenants doivent avertir l\u2019organisme de formation et s\u2019en justifier. L\u2019organisme de formation informe imm\u00e9diatement le financeur (employeur, administration, OPCO, Fongecif, R\u00e9gion, France Travail\u2026) de cet \u00e9v\u00e9nement. Tout \u00e9v\u00e9nement non justifi\u00e9 par des circonstances particuli\u00e8res constitue une faute passible de sanctions disciplinaires. De plus, conform\u00e9ment \u00e0 l\u2019article R6341-45 du Code du travail, l\u2019apprenant \u2013 dont la r\u00e9mun\u00e9ration est prise en charge par les pouvoirs publics \u2013 s\u2019expose \u00e0 une retenue sur sa r\u00e9mun\u00e9ration de stage proportionnelle \u00e0 la dur\u00e9e de l\u2019absence.<\/p><h4>Article 9<\/h4><p>Il est demand\u00e9 \u00e0 tout apprenant d\u2019avoir un comportement garantissant le respect des r\u00e8gles \u00e9l\u00e9mentaires de savoir vivre, de savoir \u00eatre en collectivit\u00e9 et le bon d\u00e9roulement des formations.<\/p><h3>Garanties disciplinaires<\/h3><h4>Article 10<\/h4><p>Aucune sanction ne peut \u00eatre inflig\u00e9e \u00e0 l\u2019apprenant sans que celui-ci ne soit inform\u00e9 par \u00e9crit des griefs retenus contre lui.<\/p><h4>Article 11<\/h4><p>Lorsque l\u2019organisme de formation envisage de prendre une sanction, il informe l\u2019apprenant par lettre recommand\u00e9e avec accus\u00e9 de r\u00e9ception en lui indiquant l\u2019objet du grief.<\/p><h4>Article 12<\/h4><p>Apr\u00e8s analyse, une r\u00e9ponse \u00e9crite sera faite \u00e0 l\u2019apprenant indiquant l\u2019application ou non de la sanction.<\/p><h4>Article 13<\/h4><p>L\u2019organisme de formation informe l\u2019employeur et \u00e9ventuellement l\u2019organisme paritaire prenant \u00e0 sa charge les frais de formation, de la sanction prise.<\/p><h3>Mise en application<\/h3><h4>Article 14<\/h4><p>Lorsque la formation se d\u00e9roule dans une entreprise ou un \u00e9tablissement d\u00e9j\u00e0 dot\u00e9 d\u2019un r\u00e8glement int\u00e9rieur, les mesures de sant\u00e9 et de s\u00e9curit\u00e9 applicables aux stagiaires sont celles de ce dernier r\u00e8glement.<\/p><h3>Publicit\u00e9 du r\u00e8glement<\/h3><h4>Article 15<\/h4><p>Un exemplaire du pr\u00e9sent r\u00e8glement est consultable sur le site web www.babylon.fr dans la rubrique \u00ab informations l\u00e9gales \u00bb.<\/p><p>Fait \u00e0 Chamb\u00e9ry le 05 d\u00e9cembre 2019.<\/p>\t\t\t\t\t\t\t\t<\/div>\n\t\t\t\t<\/div>\n\t\t\t\t\t<\/div>\n\t\t<\/div>\n\t\t\t\t\t<\/div>\n\t\t<\/section>\n\t\t\t\t<section class=\"elementor-section elementor-top-section elementor-element elementor-element-4bbae82 elementor-section-boxed elementor-section-height-default elementor-section-height-default\" data-id=\"4bbae82\" data-element_type=\"section\" data-e-type=\"section\">\n\t\t\t\t\t\t<div class=\"elementor-container elementor-column-gap-default\">\n\t\t\t\t\t<div class=\"elementor-column elementor-col-100 elementor-top-column elementor-element elementor-element-88584e5\" data-id=\"88584e5\" data-element_type=\"column\" data-e-type=\"column\">\n\t\t\t<div class=\"elementor-widget-wrap elementor-element-populated\">\n\t\t\t\t\t\t<div class=\"elementor-element elementor-element-c585fa0 elementor-position-top elementor-widget elementor-widget-image-box\" data-id=\"c585fa0\" data-element_type=\"widget\" data-e-type=\"widget\" data-widget_type=\"image-box.default\">\n\t\t\t\t<div class=\"elementor-widget-container\">\n\t\t\t\t\t<div class=\"elementor-image-box-wrapper\"><figure class=\"elementor-image-box-img\"><a href=\"https:\/\/www.babylon.fr\/tlchgt\/Reglement_interieur_Campus_Babylon-2020.pdf\" target=\"_blank\" tabindex=\"-1\"><img decoding=\"async\" src=\"https:\/\/www.babylon.fr\/campus\/wp-content\/uploads\/2019\/12\/pdf_telecharger-1.svg\" class=\"attachment-full size-full wp-image-2642\" alt=\"pdf \u00e0 t\u00e9l\u00e9charger\" \/><\/a><\/figure><div class=\"elementor-image-box-content\"><h3 class=\"elementor-image-box-title\"><a href=\"https:\/\/www.babylon.fr\/tlchgt\/Reglement_interieur_Campus_Babylon-2020.pdf\" target=\"_blank\">Politique de protection  des donn\u00e9es<\/a><\/h3><p class=\"elementor-image-box-description\">\u00e0 t\u00e9l\u00e9charger<\/p><\/div><\/div>\t\t\t\t<\/div>\n\t\t\t\t<\/div>\n\t\t\t\t\t<\/div>\n\t\t<\/div>\n\t\t\t\t\t<\/div>\n\t\t<\/section>\n\t\t\t\t<\/div>\n\t\t","protected":false},"excerpt":{"rendered":"<p>R\u00e8glement int\u00e9rieur R\u00e8glement int\u00e9rieur de Babylon.fr Formations E-learning Introduction Article 1 Le pr\u00e9sent r\u00e8glement s\u2019applique \u00e0 tous les apprenants pendant la formation suivie.Le pr\u00e9sent r\u00e8glement est \u00e9tabli conform\u00e9ment aux dispositions des articles L 6352-3 et L 6352-4 et R 6352-1 \u00e0 R 6352-15 du Code du Travail. Article 2 Les parties pr\u00e9sentielles des formations en [&hellip;]<\/p>\n","protected":false},"author":1,"featured_media":0,"parent":0,"menu_order":0,"comment_status":"closed","ping_status":"closed","template":"","meta":{"_acf_changed":false,"footnotes":""},"class_list":["post-3325","page","type-page","status-publish","hentry","entry"],"acf":[],"yoast_head":"<!-- This site is optimized with the Yoast SEO plugin v27.2 - https:\/\/yoast.com\/product\/yoast-seo-wordpress\/ -->\n<title>R\u00e8glement int\u00e9rieur - Le campus de Babylon.fr<\/title>\n<meta name=\"description\" content=\"Consultez le r\u00e9glement int\u00e9rieur de Babylon.fr, organisme de formation \u00e0 distance, sp\u00e9cialiste des formations habilitantes ORIAS (IAS, IOBSP, DCI, MCD, DDA).\" \/>\n<meta name=\"robots\" content=\"index, follow, max-snippet:-1, max-image-preview:large, max-video-preview:-1\" \/>\n<link rel=\"canonical\" href=\"https:\/\/www.babylon.fr\/campus\/reglement-interieur\/\" \/>\n<meta property=\"og:locale\" content=\"fr_FR\" \/>\n<meta property=\"og:type\" content=\"article\" \/>\n<meta property=\"og:title\" content=\"R\u00e8glement int\u00e9rieur - Le campus de Babylon.fr\" \/>\n<meta property=\"og:description\" content=\"Consultez le r\u00e9glement int\u00e9rieur de Babylon.fr, organisme de formation \u00e0 distance, sp\u00e9cialiste des formations habilitantes ORIAS (IAS, IOBSP, DCI, MCD, DDA).\" \/>\n<meta property=\"og:url\" content=\"https:\/\/www.babylon.fr\/campus\/reglement-interieur\/\" \/>\n<meta property=\"og:site_name\" content=\"Le campus de Babylon.fr\" \/>\n<meta property=\"article:publisher\" content=\"https:\/\/www.facebook.com\/Babylonfr-100159921380072\/\" \/>\n<meta property=\"article:modified_time\" content=\"2024-02-29T10:29:03+00:00\" \/>\n<meta property=\"og:image\" content=\"https:\/\/www.babylon.fr\/campus\/wp-content\/uploads\/2019\/12\/pdf_telecharger-1.svg\" \/>\n<script type=\"application\/ld+json\" class=\"yoast-schema-graph\">{\"@context\":\"https:\/\/schema.org\",\"@graph\":[{\"@type\":\"WebPage\",\"@id\":\"https:\/\/www.babylon.fr\/campus\/reglement-interieur\/\",\"url\":\"https:\/\/www.babylon.fr\/campus\/reglement-interieur\/\",\"name\":\"R\u00e8glement int\u00e9rieur - Le campus de Babylon.fr\",\"isPartOf\":{\"@id\":\"https:\/\/www.babylon.fr\/campus\/#website\"},\"primaryImageOfPage\":{\"@id\":\"https:\/\/www.babylon.fr\/campus\/reglement-interieur\/#primaryimage\"},\"image\":{\"@id\":\"https:\/\/www.babylon.fr\/campus\/reglement-interieur\/#primaryimage\"},\"thumbnailUrl\":\"https:\/\/www.babylon.fr\/campus\/wp-content\/uploads\/2019\/12\/pdf_telecharger-1.svg\",\"datePublished\":\"2020-02-20T10:35:58+00:00\",\"dateModified\":\"2024-02-29T10:29:03+00:00\",\"description\":\"Consultez le r\u00e9glement int\u00e9rieur de Babylon.fr, organisme de formation \u00e0 distance, sp\u00e9cialiste des formations habilitantes ORIAS (IAS, IOBSP, DCI, MCD, DDA).\",\"breadcrumb\":{\"@id\":\"https:\/\/www.babylon.fr\/campus\/reglement-interieur\/#breadcrumb\"},\"inLanguage\":\"fr-FR\",\"potentialAction\":[{\"@type\":\"ReadAction\",\"target\":[\"https:\/\/www.babylon.fr\/campus\/reglement-interieur\/\"]}]},{\"@type\":\"ImageObject\",\"inLanguage\":\"fr-FR\",\"@id\":\"https:\/\/www.babylon.fr\/campus\/reglement-interieur\/#primaryimage\",\"url\":\"https:\/\/www.babylon.fr\/campus\/wp-content\/uploads\/2019\/12\/pdf_telecharger-1.svg\",\"contentUrl\":\"https:\/\/www.babylon.fr\/campus\/wp-content\/uploads\/2019\/12\/pdf_telecharger-1.svg\",\"caption\":\"pdf \u00e0 t\u00e9l\u00e9charger\"},{\"@type\":\"BreadcrumbList\",\"@id\":\"https:\/\/www.babylon.fr\/campus\/reglement-interieur\/#breadcrumb\",\"itemListElement\":[{\"@type\":\"ListItem\",\"position\":1,\"name\":\"Accueil\",\"item\":\"https:\/\/www.babylon.fr\/campus\/\"},{\"@type\":\"ListItem\",\"position\":2,\"name\":\"R\u00e8glement int\u00e9rieur\"}]},{\"@type\":\"WebSite\",\"@id\":\"https:\/\/www.babylon.fr\/campus\/#website\",\"url\":\"https:\/\/www.babylon.fr\/campus\/\",\"name\":\"Le campus de Babylon.fr\",\"description\":\"Le campus de Babylon.fr\",\"publisher\":{\"@id\":\"https:\/\/www.babylon.fr\/campus\/#organization\"},\"potentialAction\":[{\"@type\":\"SearchAction\",\"target\":{\"@type\":\"EntryPoint\",\"urlTemplate\":\"https:\/\/www.babylon.fr\/campus\/?s={search_term_string}\"},\"query-input\":{\"@type\":\"PropertyValueSpecification\",\"valueRequired\":true,\"valueName\":\"search_term_string\"}}],\"inLanguage\":\"fr-FR\"},{\"@type\":\"Organization\",\"@id\":\"https:\/\/www.babylon.fr\/campus\/#organization\",\"name\":\"Babylon.fr - Formations en ligne\",\"url\":\"https:\/\/www.babylon.fr\/campus\/\",\"logo\":{\"@type\":\"ImageObject\",\"inLanguage\":\"fr-FR\",\"@id\":\"https:\/\/www.babylon.fr\/campus\/#\/schema\/logo\/image\/\",\"url\":\"https:\/\/www.babylon.fr\/campus\/wp-content\/uploads\/2020\/04\/Logo_babylon-fr-le-campus_couleur.png\",\"contentUrl\":\"https:\/\/www.babylon.fr\/campus\/wp-content\/uploads\/2020\/04\/Logo_babylon-fr-le-campus_couleur.png\",\"width\":1180,\"height\":590,\"caption\":\"Babylon.fr - Formations en ligne\"},\"image\":{\"@id\":\"https:\/\/www.babylon.fr\/campus\/#\/schema\/logo\/image\/\"},\"sameAs\":[\"https:\/\/www.facebook.com\/Babylonfr-100159921380072\/\",\"https:\/\/www.linkedin.com\/in\/jean-michel-pauline-25945535\/\",\"https:\/\/www.youtube.com\/channel\/UCA4ULj0pi7937eKQ7l94mTw\"]}]}<\/script>\n<!-- \/ Yoast SEO plugin. -->","yoast_head_json":{"title":"R\u00e8glement int\u00e9rieur - Le campus de Babylon.fr","description":"Consultez le r\u00e9glement int\u00e9rieur de Babylon.fr, organisme de formation \u00e0 distance, sp\u00e9cialiste des formations habilitantes ORIAS (IAS, IOBSP, DCI, MCD, DDA).","robots":{"index":"index","follow":"follow","max-snippet":"max-snippet:-1","max-image-preview":"max-image-preview:large","max-video-preview":"max-video-preview:-1"},"canonical":"https:\/\/www.babylon.fr\/campus\/reglement-interieur\/","og_locale":"fr_FR","og_type":"article","og_title":"R\u00e8glement int\u00e9rieur - Le campus de Babylon.fr","og_description":"Consultez le r\u00e9glement int\u00e9rieur de Babylon.fr, organisme de formation \u00e0 distance, sp\u00e9cialiste des formations habilitantes ORIAS (IAS, IOBSP, DCI, MCD, DDA).","og_url":"https:\/\/www.babylon.fr\/campus\/reglement-interieur\/","og_site_name":"Le campus de Babylon.fr","article_publisher":"https:\/\/www.facebook.com\/Babylonfr-100159921380072\/","article_modified_time":"2024-02-29T10:29:03+00:00","og_image":[{"url":"https:\/\/www.babylon.fr\/campus\/wp-content\/uploads\/2019\/12\/pdf_telecharger-1.svg","type":"","width":"","height":""}],"schema":{"@context":"https:\/\/schema.org","@graph":[{"@type":"WebPage","@id":"https:\/\/www.babylon.fr\/campus\/reglement-interieur\/","url":"https:\/\/www.babylon.fr\/campus\/reglement-interieur\/","name":"R\u00e8glement int\u00e9rieur - Le campus de Babylon.fr","isPartOf":{"@id":"https:\/\/www.babylon.fr\/campus\/#website"},"primaryImageOfPage":{"@id":"https:\/\/www.babylon.fr\/campus\/reglement-interieur\/#primaryimage"},"image":{"@id":"https:\/\/www.babylon.fr\/campus\/reglement-interieur\/#primaryimage"},"thumbnailUrl":"https:\/\/www.babylon.fr\/campus\/wp-content\/uploads\/2019\/12\/pdf_telecharger-1.svg","datePublished":"2020-02-20T10:35:58+00:00","dateModified":"2024-02-29T10:29:03+00:00","description":"Consultez le r\u00e9glement int\u00e9rieur de Babylon.fr, organisme de formation \u00e0 distance, sp\u00e9cialiste des formations habilitantes ORIAS (IAS, IOBSP, DCI, MCD, DDA).","breadcrumb":{"@id":"https:\/\/www.babylon.fr\/campus\/reglement-interieur\/#breadcrumb"},"inLanguage":"fr-FR","potentialAction":[{"@type":"ReadAction","target":["https:\/\/www.babylon.fr\/campus\/reglement-interieur\/"]}]},{"@type":"ImageObject","inLanguage":"fr-FR","@id":"https:\/\/www.babylon.fr\/campus\/reglement-interieur\/#primaryimage","url":"https:\/\/www.babylon.fr\/campus\/wp-content\/uploads\/2019\/12\/pdf_telecharger-1.svg","contentUrl":"https:\/\/www.babylon.fr\/campus\/wp-content\/uploads\/2019\/12\/pdf_telecharger-1.svg","caption":"pdf \u00e0 t\u00e9l\u00e9charger"},{"@type":"BreadcrumbList","@id":"https:\/\/www.babylon.fr\/campus\/reglement-interieur\/#breadcrumb","itemListElement":[{"@type":"ListItem","position":1,"name":"Accueil","item":"https:\/\/www.babylon.fr\/campus\/"},{"@type":"ListItem","position":2,"name":"R\u00e8glement int\u00e9rieur"}]},{"@type":"WebSite","@id":"https:\/\/www.babylon.fr\/campus\/#website","url":"https:\/\/www.babylon.fr\/campus\/","name":"Le campus de Babylon.fr","description":"Le campus de Babylon.fr","publisher":{"@id":"https:\/\/www.babylon.fr\/campus\/#organization"},"potentialAction":[{"@type":"SearchAction","target":{"@type":"EntryPoint","urlTemplate":"https:\/\/www.babylon.fr\/campus\/?s={search_term_string}"},"query-input":{"@type":"PropertyValueSpecification","valueRequired":true,"valueName":"search_term_string"}}],"inLanguage":"fr-FR"},{"@type":"Organization","@id":"https:\/\/www.babylon.fr\/campus\/#organization","name":"Babylon.fr - Formations en ligne","url":"https:\/\/www.babylon.fr\/campus\/","logo":{"@type":"ImageObject","inLanguage":"fr-FR","@id":"https:\/\/www.babylon.fr\/campus\/#\/schema\/logo\/image\/","url":"https:\/\/www.babylon.fr\/campus\/wp-content\/uploads\/2020\/04\/Logo_babylon-fr-le-campus_couleur.png","contentUrl":"https:\/\/www.babylon.fr\/campus\/wp-content\/uploads\/2020\/04\/Logo_babylon-fr-le-campus_couleur.png","width":1180,"height":590,"caption":"Babylon.fr - Formations en ligne"},"image":{"@id":"https:\/\/www.babylon.fr\/campus\/#\/schema\/logo\/image\/"},"sameAs":["https:\/\/www.facebook.com\/Babylonfr-100159921380072\/","https:\/\/www.linkedin.com\/in\/jean-michel-pauline-25945535\/","https:\/\/www.youtube.com\/channel\/UCA4ULj0pi7937eKQ7l94mTw"]}]}},"_links":{"self":[{"href":"https:\/\/www.babylon.fr\/campus\/wp-json\/wp\/v2\/pages\/3325","targetHints":{"allow":["GET"]}}],"collection":[{"href":"https:\/\/www.babylon.fr\/campus\/wp-json\/wp\/v2\/pages"}],"about":[{"href":"https:\/\/www.babylon.fr\/campus\/wp-json\/wp\/v2\/types\/page"}],"author":[{"embeddable":true,"href":"https:\/\/www.babylon.fr\/campus\/wp-json\/wp\/v2\/users\/1"}],"replies":[{"embeddable":true,"href":"https:\/\/www.babylon.fr\/campus\/wp-json\/wp\/v2\/comments?post=3325"}],"version-history":[{"count":33,"href":"https:\/\/www.babylon.fr\/campus\/wp-json\/wp\/v2\/pages\/3325\/revisions"}],"predecessor-version":[{"id":18767,"href":"https:\/\/www.babylon.fr\/campus\/wp-json\/wp\/v2\/pages\/3325\/revisions\/18767"}],"wp:attachment":[{"href":"https:\/\/www.babylon.fr\/campus\/wp-json\/wp\/v2\/media?parent=3325"}],"curies":[{"name":"wp","href":"https:\/\/api.w.org\/{rel}","templated":true}]}}