{"id":3318,"date":"2020-02-20T10:21:02","date_gmt":"2020-02-20T10:21:02","guid":{"rendered":"https:\/\/www.babylon.fr\/campus\/?page_id=3318"},"modified":"2022-07-27T07:16:12","modified_gmt":"2022-07-27T07:16:12","slug":"politique-de-protection-des-donnees","status":"publish","type":"page","link":"https:\/\/www.babylon.fr\/campus\/politique-de-protection-des-donnees\/","title":{"rendered":"Politique de protection des donn\u00e9es"},"content":{"rendered":"\t\t<div data-elementor-type=\"wp-page\" data-elementor-id=\"3318\" class=\"elementor elementor-3318\" data-elementor-post-type=\"page\">\n\t\t\t\t\t\t<section class=\"elementor-section elementor-top-section elementor-element elementor-element-73f4271 elementor-section-stretched elementor-section-full_width elementor-section-height-min-height elementor-section-items-stretch elementor-section-height-default\" data-id=\"73f4271\" data-element_type=\"section\" data-e-type=\"section\" data-settings=\"{&quot;stretch_section&quot;:&quot;section-stretched&quot;,&quot;background_background&quot;:&quot;gradient&quot;,&quot;animation&quot;:&quot;none&quot;}\">\n\t\t\t\t\t\t\t<div class=\"elementor-background-overlay\"><\/div>\n\t\t\t\t\t\t\t<div class=\"elementor-container elementor-column-gap-default\">\n\t\t\t\t\t<div class=\"elementor-column elementor-col-100 elementor-top-column elementor-element elementor-element-d308be9\" data-id=\"d308be9\" data-element_type=\"column\" data-e-type=\"column\" data-settings=\"{&quot;background_background&quot;:&quot;classic&quot;}\">\n\t\t\t<div class=\"elementor-widget-wrap elementor-element-populated\">\n\t\t\t\t\t\t<div class=\"elementor-element elementor-element-b884603 elementor-widget elementor-widget-heading\" data-id=\"b884603\" data-element_type=\"widget\" data-e-type=\"widget\" data-widget_type=\"heading.default\">\n\t\t\t\t<div class=\"elementor-widget-container\">\n\t\t\t\t\t<h1 class=\"elementor-heading-title elementor-size-default\">Politique de protection\n des donn\u00e9es<\/h1>\t\t\t\t<\/div>\n\t\t\t\t<\/div>\n\t\t\t\t\t<\/div>\n\t\t<\/div>\n\t\t\t\t\t<\/div>\n\t\t<\/section>\n\t\t\t\t<section class=\"elementor-section elementor-top-section elementor-element elementor-element-7de4617 elementor-section-boxed elementor-section-height-default elementor-section-height-default\" data-id=\"7de4617\" data-element_type=\"section\" data-e-type=\"section\">\n\t\t\t\t\t\t<div class=\"elementor-container elementor-column-gap-default\">\n\t\t\t\t\t<div class=\"elementor-column elementor-col-100 elementor-top-column elementor-element elementor-element-af1a621\" data-id=\"af1a621\" data-element_type=\"column\" data-e-type=\"column\">\n\t\t\t<div class=\"elementor-widget-wrap elementor-element-populated\">\n\t\t\t\t\t\t<div class=\"elementor-element elementor-element-2d38b7f elementor-widget elementor-widget-heading\" data-id=\"2d38b7f\" data-element_type=\"widget\" data-e-type=\"widget\" data-widget_type=\"heading.default\">\n\t\t\t\t<div class=\"elementor-widget-container\">\n\t\t\t\t\t<h2 class=\"elementor-heading-title elementor-size-default\">Le r\u00e8glement g\u00e9n\u00e9ral<br>\ndes <strong>donn\u00e9es \u00e0 caract\u00e8re personnel<\/strong><\/h2>\t\t\t\t<\/div>\n\t\t\t\t<\/div>\n\t\t\t\t\t<\/div>\n\t\t<\/div>\n\t\t\t\t\t<\/div>\n\t\t<\/section>\n\t\t\t\t<section class=\"elementor-section elementor-top-section elementor-element elementor-element-3e7673e elementor-section-boxed elementor-section-height-default elementor-section-height-default\" data-id=\"3e7673e\" data-element_type=\"section\" data-e-type=\"section\">\n\t\t\t\t\t\t<div class=\"elementor-container elementor-column-gap-default\">\n\t\t\t\t\t<div class=\"elementor-column elementor-col-100 elementor-top-column elementor-element elementor-element-7771e55\" data-id=\"7771e55\" data-element_type=\"column\" data-e-type=\"column\">\n\t\t\t<div class=\"elementor-widget-wrap elementor-element-populated\">\n\t\t\t\t\t\t<div class=\"elementor-element elementor-element-c42c1f1 elementor-widget elementor-widget-text-editor\" data-id=\"c42c1f1\" data-element_type=\"widget\" data-e-type=\"widget\" data-widget_type=\"text-editor.default\">\n\t\t\t\t<div class=\"elementor-widget-container\">\n\t\t\t\t\t\t\t\t\tToutes vos donn\u00e9es personnelles sont utilis\u00e9es uniquement pour nos missions de formation et de relations commerciales.\nNous prot\u00e9geons vos donn\u00e9es personnelles dans le respect de votre libert\u00e9 de choix avec la possibilit\u00e9 d\u2019exercer \u00e0 tout moment vos droits (acc\u00e8s, rectification, effacement, portabilit\u00e9, ou retrait de votre consentement) sous r\u00e9serve que cela n\u2018entrave pas la gestion ou l\u2019ex\u00e9cution de notre mission.\n<br><br>\nLe pr\u00e9sent document constitue la politique de protection des donn\u00e9es \u00e0 caract\u00e8re personnel mise en \u0153uvre par Babylon.fr dans le cadre de ses activit\u00e9s.<br><br>\n<h4>La finalit\u00e9 du traitement<\/h4>\nNos finalit\u00e9s sont d\u00e9termin\u00e9es, l\u00e9gitimes et explicites ; elles sont compatibles avec nos missions de formations. Les donn\u00e9es collect\u00e9es pour une finalit\u00e9 pr\u00e9cise ne sont pas utilis\u00e9es \u00e0 d\u2019autres fins et sont en ad\u00e9quation avec les normes de la Cnil.<br><br>\n<h4>La pertinence des donn\u00e9es<\/h4>\nLa finalit\u00e9 d\u00e9finie permet de d\u00e9terminer la pertinence des donn\u00e9es que nous allons collecter. Seules les donn\u00e9es ad\u00e9quates et strictement n\u00e9cessaires pour atteindre la finalit\u00e9 seront collect\u00e9es et trait\u00e9es.<br>\nNous sommes, par ailleurs, tenus par la r\u00e9glementation de v\u00e9rifier que vos donn\u00e9es sont exactes, compl\u00e8tes et \u00e0 jour. Nous pourrons ainsi vous solliciter pour le v\u00e9rifier et le cas \u00e9ch\u00e9ant compl\u00e9ter votre dossier.<br><br>\n<h4>La conservation limit\u00e9e des donn\u00e9es<\/h4>\nLa finalit\u00e9 permet \u00e9galement de fixer la dur\u00e9e de conservation des donn\u00e9es n\u00e9cessaire \u00e0 nos activit\u00e9s et sp\u00e9cifiquement pr\u00e9vue par la CNIL ou la loi, cette dur\u00e9e n\u2019exc\u00e8de pas la dur\u00e9e n\u00e9cessaire aux finalit\u00e9s.<br>\nAinsi, nous conservons les donn\u00e9es que vous nous avez transmises dans le cadre de vos formations.<br>\nLes donn\u00e9es des clients ou non clients utilis\u00e9es \u00e0 des fins de prospection commerciale peuvent \u00eatre conserv\u00e9es pendant un d\u00e9lai de cinq ans \u00e0 compter de la fin de la relation commerciale, soit \u00e0 la fin d\u2019une formation, soit du dernier contact \u00e9manant du client ou du prospect.<br><br>\n<h4>L\u2019information et les droits des personnes<\/h4>\nSuivant cette politique, chaque document de collecte de donn\u00e9es est conforme \u00e0 la r\u00e8glementation en vigueur et informe en toute transparence la personne aupr\u00e8s de laquelle sont recueillies des donn\u00e9es \u00e0 caract\u00e8re personnel.\n\n\u00c0 ce titre, vous \u00eates inform\u00e9s :\n<ul>\n \t<li>De l\u2019identit\u00e9 du responsable du traitement et, le cas \u00e9ch\u00e9ant, de celle de son repr\u00e9sentant ;<\/li>\n \t<li>Des coordonn\u00e9es de notre D\u00e9l\u00e9gu\u00e9 \u00e0 la Protection des Donn\u00e9es ;<\/li>\n \t<li>De la finalit\u00e9 poursuivie par le traitement auquel les donn\u00e9es sont destin\u00e9es ;<\/li>\n \t<li>Des destinataires ou cat\u00e9gories de destinataires des donn\u00e9es ;<\/li>\n \t<li>Des droits dont vous disposez \u00e0 l&rsquo;\u00e9gard des traitements des donn\u00e9es \u00e0 caract\u00e8re personnel \u00e0 savoir :\n<ul>\n \t<li>Le droit d\u2019acc\u00e8s : vous pouvez obtenir des informations concernant le traitement de vos donn\u00e9es personnelles ainsi qu\u2019une copie de ces donn\u00e9es ;<\/li>\n \t<li>Le droit de rectification : si vous estimez que vos donn\u00e9es personnelles sont inexactes ou incompl\u00e8tes, vous pouvez demander \u00e0 ce que ces donn\u00e9es soient modifi\u00e9es en cons\u00e9quence ;<\/li>\n \t<li>Le droit d\u2019opposition au traitement des donn\u00e9es \u00e0 caract\u00e8re personnel pour des motifs l\u00e9gitimes, ainsi que d\u2019un droit d\u2019opposition \u00e0 ce que ces donn\u00e9es soient utilis\u00e9es \u00e0 des fins de prospection commerciale ;<\/li>\n \t<li>Le droit \u00e0 la limitation des donn\u00e9es \u00e0 caract\u00e8re personnel ;<\/li>\n \t<li>Le droit \u00e0 l\u2019effacement des donn\u00e9es \u00e0 caract\u00e8re personnel : vous pouvez demander l\u2019effacement de vos donn\u00e9es personnelles sous r\u00e9serve de l\u2019application de votre contrat ;<\/li>\n \t<li>Le droit \u00e0 la portabilit\u00e9 des donn\u00e9es \u00e0 caract\u00e8re personnel : vous pouvez demander que les donn\u00e9es personnelles que vous nous avez fournies vous soient rendues ou, lorsque cela est techniquement possible, transf\u00e9r\u00e9es \u00e0 un tiers ;<\/li>\n \t<li>Le droit de retirer \u00e0 tout moment son consentement si elle a donn\u00e9 une autorisation sp\u00e9ciale et expresse pour l\u2019utilisation de certaines de ses donn\u00e9es, sous r\u00e9serve que cette autorisation ne concerne pas les donn\u00e9es n\u00e9cessaires \u00e0 la formation ;<\/li>\n \t<li>Le droit de d\u00e9finir des directives relatives au sort des donn\u00e9es \u00e0 caract\u00e8re personnel apr\u00e8s son d\u00e9c\u00e8s.<\/li>\n<\/ul>\n<\/li>\n \t<li>De l\u2019existence le cas \u00e9ch\u00e9ant, de transferts de donn\u00e9es \u00e0 caract\u00e8re personnel envisag\u00e9s \u00e0 destination d\u2019un \u00c9tat non membre de la Communaut\u00e9 europ\u00e9enne.<\/li>\n \t<li>L\u2019exercice de l\u2019ensemble des droits s\u2019effectue par un courrier adress\u00e9 \u00e0 babylon.fr, 235, avenue Alsace Lorraine 73000 CHAMBERY ou rgpd@babylon.fr.<\/li>\n<\/ul>\nVous pouvez \u00e9galement, en cas de r\u00e9clamation, choisir de saisir la CNIL.<br><br>\n<h4>Acc\u00e8s restreint aux donn\u00e9es<\/h4>\nSeuls les destinataires d\u00fbment habilit\u00e9s peuvent acc\u00e9der, dans le cadre d\u2019une politique de s\u00e9curit\u00e9 permettant notamment la gestion des acc\u00e8s aux seules informations n\u00e9cessaires \u00e0 l\u2019activit\u00e9.\nLes droits d&rsquo;acc\u00e8s sont accord\u00e9s en ad\u00e9quation avec la fonction de l&rsquo;utilisateur et sont mis \u00e0 jour en cas d\u2019\u00e9volution ou de changement de fonction.<br><br>\n<h4>La s\u00e9curit\u00e9<\/h4>\nBabylon.fr d\u00e9termine et met en \u0153uvre les moyens n\u00e9cessaires \u00e0 la protection des traitements de donn\u00e9es \u00e0 caract\u00e8re personnel pour \u00e9viter tout acc\u00e8s par un tiers non autoris\u00e9 et pr\u00e9venir toute perte, alt\u00e9ration ou divulgation de donn\u00e9es. Ainsi, la politique de protection des donn\u00e9es personnelles s\u2019organise autour de mesures d\u2019ordre logique, physique ou organisationnel.<br><br>\n<h4>Les transferts de donn\u00e9es<\/h4>\nEn cas de transfert, le cas \u00e9ch\u00e9ant, de vos donn\u00e9es \u00e0 caract\u00e8re personnel vers un pays situ\u00e9 hors de l\u2019Union europ\u00e9enne, ce dernier s\u2019inscrit dans le cadre de la finalit\u00e9 poursuivie par le traitement auquel les donn\u00e9es sont destin\u00e9es.<br>\nLes destinataires auraient uniquement communication des cat\u00e9gories de donn\u00e9es n\u00e9cessaires \u00e0 la r\u00e9alisation de ladite finalit\u00e9.\nConform\u00e9ment \u00e0 la r\u00e8glementation en vigueur, chaque document de collecte de donn\u00e9es pr\u00e9ciserait et informerait la personne aupr\u00e8s de laquelle ont \u00e9t\u00e9 recueillies des donn\u00e9es \u00e0 caract\u00e8re personnel, de l\u2019existence de transferts de donn\u00e9es \u00e0 caract\u00e8re personnel \u00e0 destination d\u2019un \u00c9tat non membre de l\u2019Union Europ\u00e9enne.<br><br>\n<h4>Les acteurs de la protection des donn\u00e9es<\/h4>\nBabylon.fr a d\u00e9sign\u00e9 \u00e0 compter du mois de mai 2018, un DPO (D\u00e9l\u00e9gu\u00e9 \u00e0 la Protection des Donn\u00e9es).<br>\nLes missions du DPO consistent \u00e0 assurer la conformit\u00e9 et la s\u00e9curit\u00e9 des traitements de donn\u00e9es \u00e0 caract\u00e8re personnel.<br>\nLe DPO est accompagn\u00e9 dans ses missions par des Responsables de la Protection des Donn\u00e9es.\n<br>Le DPO de Babylon.fr est situ\u00e9 235, avenue Alsace Lorraine 73000 Chamb\u00e9ry (rgpd@babylon.fr).\t\t\t\t\t\t\t\t<\/div>\n\t\t\t\t<\/div>\n\t\t\t\t\t<\/div>\n\t\t<\/div>\n\t\t\t\t\t<\/div>\n\t\t<\/section>\n\t\t\t\t<section class=\"elementor-section elementor-top-section elementor-element elementor-element-939baf7 elementor-section-boxed elementor-section-height-default elementor-section-height-default\" data-id=\"939baf7\" data-element_type=\"section\" data-e-type=\"section\">\n\t\t\t\t\t\t<div class=\"elementor-container elementor-column-gap-default\">\n\t\t\t\t\t<div class=\"elementor-column elementor-col-100 elementor-top-column elementor-element elementor-element-9f1913c\" data-id=\"9f1913c\" data-element_type=\"column\" data-e-type=\"column\">\n\t\t\t<div class=\"elementor-widget-wrap elementor-element-populated\">\n\t\t\t\t\t\t<div class=\"elementor-element elementor-element-0009121 elementor-position-top elementor-widget elementor-widget-image-box\" data-id=\"0009121\" data-element_type=\"widget\" data-e-type=\"widget\" data-widget_type=\"image-box.default\">\n\t\t\t\t<div class=\"elementor-widget-container\">\n\t\t\t\t\t<div class=\"elementor-image-box-wrapper\"><figure class=\"elementor-image-box-img\"><a href=\"https:\/\/www.babylon.fr\/tlchgt\/SLF-Politique-protection-donnees-babylon.pdf\" target=\"_blank\" tabindex=\"-1\"><img decoding=\"async\" src=\"https:\/\/www.babylon.fr\/campus\/wp-content\/uploads\/2019\/12\/pdf_telecharger-1.svg\" class=\"attachment-full size-full wp-image-2642\" alt=\"pdf \u00e0 t\u00e9l\u00e9charger\" \/><\/a><\/figure><div class=\"elementor-image-box-content\"><h3 class=\"elementor-image-box-title\"><a href=\"https:\/\/www.babylon.fr\/tlchgt\/SLF-Politique-protection-donnees-babylon.pdf\" target=\"_blank\">Politique de protection  des donn\u00e9es<\/a><\/h3><p class=\"elementor-image-box-description\">\u00e0 t\u00e9l\u00e9charger<\/p><\/div><\/div>\t\t\t\t<\/div>\n\t\t\t\t<\/div>\n\t\t\t\t\t<\/div>\n\t\t<\/div>\n\t\t\t\t\t<\/div>\n\t\t<\/section>\n\t\t\t\t<section class=\"elementor-section elementor-top-section elementor-element elementor-element-56450fd elementor-section-stretched elementor-section-boxed elementor-section-height-default elementor-section-height-default\" data-id=\"56450fd\" data-element_type=\"section\" data-e-type=\"section\" data-settings=\"{&quot;stretch_section&quot;:&quot;section-stretched&quot;,&quot;background_background&quot;:&quot;classic&quot;}\">\n\t\t\t\t\t\t<div class=\"elementor-container elementor-column-gap-default\">\n\t\t\t\t\t<div class=\"elementor-column elementor-col-100 elementor-top-column elementor-element elementor-element-099a2e4\" data-id=\"099a2e4\" data-element_type=\"column\" data-e-type=\"column\">\n\t\t\t<div class=\"elementor-widget-wrap elementor-element-populated\">\n\t\t\t\t\t\t<div class=\"elementor-element elementor-element-4e9c025 elementor-widget elementor-widget-image\" data-id=\"4e9c025\" data-element_type=\"widget\" data-e-type=\"widget\" data-widget_type=\"image.default\">\n\t\t\t\t<div class=\"elementor-widget-container\">\n\t\t\t\t\t\t\t\t\t\t\t\t\t\t\t<img decoding=\"async\" src=\"https:\/\/www.babylon.fr\/campus\/wp-content\/uploads\/elementor\/thumbs\/rgpd_hom-pw0821kk0r4iju9k2xx2j0979fina8ctlqcbtn2iao.png\" title=\"rgpd_hom\" alt=\"rgpd_hom\" loading=\"lazy\" \/>\t\t\t\t\t\t\t\t\t\t\t\t\t\t\t<\/div>\n\t\t\t\t<\/div>\n\t\t\t\t\t<\/div>\n\t\t<\/div>\n\t\t\t\t\t<\/div>\n\t\t<\/section>\n\t\t\t\t<\/div>\n\t\t","protected":false},"excerpt":{"rendered":"<p>Politique de protection des donn\u00e9es Le r\u00e8glement g\u00e9n\u00e9ral des donn\u00e9es \u00e0 caract\u00e8re personnel Toutes vos donn\u00e9es personnelles sont utilis\u00e9es uniquement pour nos missions de formation et de relations commerciales. Nous prot\u00e9geons vos donn\u00e9es personnelles dans le respect de votre libert\u00e9 de choix avec la possibilit\u00e9 d\u2019exercer \u00e0 tout moment vos droits (acc\u00e8s, rectification, effacement, portabilit\u00e9, [&hellip;]<\/p>\n","protected":false},"author":1,"featured_media":0,"parent":0,"menu_order":0,"comment_status":"closed","ping_status":"closed","template":"","meta":{"_acf_changed":false,"footnotes":""},"class_list":["post-3318","page","type-page","status-publish","hentry","entry"],"acf":[],"yoast_head":"<!-- This site is optimized with the Yoast SEO plugin v27.2 - https:\/\/yoast.com\/product\/yoast-seo-wordpress\/ -->\n<title>Politique de protection des donn\u00e9es - Babylon.fr<\/title>\n<meta name=\"description\" content=\"La protection des donn\u00e9es est un \u00e9l\u00e9ment important pour Babylon.fr, organisme de formation \u00e0 distance. Notre politique RGPD est consultable.\" \/>\n<meta name=\"robots\" content=\"index, follow, max-snippet:-1, max-image-preview:large, max-video-preview:-1\" \/>\n<link rel=\"canonical\" href=\"https:\/\/www.babylon.fr\/campus\/politique-de-protection-des-donnees\/\" \/>\n<meta property=\"og:locale\" content=\"fr_FR\" \/>\n<meta property=\"og:type\" content=\"article\" \/>\n<meta property=\"og:title\" content=\"Politique de protection des donn\u00e9es - Babylon.fr\" \/>\n<meta property=\"og:description\" content=\"La protection des donn\u00e9es est un \u00e9l\u00e9ment important pour Babylon.fr, organisme de formation \u00e0 distance. Notre politique RGPD est consultable.\" \/>\n<meta property=\"og:url\" content=\"https:\/\/www.babylon.fr\/campus\/politique-de-protection-des-donnees\/\" \/>\n<meta property=\"og:site_name\" content=\"Le campus de Babylon.fr\" \/>\n<meta property=\"article:publisher\" content=\"https:\/\/www.facebook.com\/Babylonfr-100159921380072\/\" \/>\n<meta property=\"article:modified_time\" content=\"2022-07-27T07:16:12+00:00\" \/>\n<meta property=\"og:image\" content=\"https:\/\/www.babylon.fr\/campus\/wp-content\/uploads\/2019\/12\/pdf_telecharger-1.svg\" \/>\n<script type=\"application\/ld+json\" class=\"yoast-schema-graph\">{\"@context\":\"https:\/\/schema.org\",\"@graph\":[{\"@type\":\"WebPage\",\"@id\":\"https:\/\/www.babylon.fr\/campus\/politique-de-protection-des-donnees\/\",\"url\":\"https:\/\/www.babylon.fr\/campus\/politique-de-protection-des-donnees\/\",\"name\":\"Politique de protection des donn\u00e9es - Babylon.fr\",\"isPartOf\":{\"@id\":\"https:\/\/www.babylon.fr\/campus\/#website\"},\"primaryImageOfPage\":{\"@id\":\"https:\/\/www.babylon.fr\/campus\/politique-de-protection-des-donnees\/#primaryimage\"},\"image\":{\"@id\":\"https:\/\/www.babylon.fr\/campus\/politique-de-protection-des-donnees\/#primaryimage\"},\"thumbnailUrl\":\"https:\/\/www.babylon.fr\/campus\/wp-content\/uploads\/2019\/12\/pdf_telecharger-1.svg\",\"datePublished\":\"2020-02-20T10:21:02+00:00\",\"dateModified\":\"2022-07-27T07:16:12+00:00\",\"description\":\"La protection des donn\u00e9es est un \u00e9l\u00e9ment important pour Babylon.fr, organisme de formation \u00e0 distance. Notre politique RGPD est consultable.\",\"breadcrumb\":{\"@id\":\"https:\/\/www.babylon.fr\/campus\/politique-de-protection-des-donnees\/#breadcrumb\"},\"inLanguage\":\"fr-FR\",\"potentialAction\":[{\"@type\":\"ReadAction\",\"target\":[\"https:\/\/www.babylon.fr\/campus\/politique-de-protection-des-donnees\/\"]}]},{\"@type\":\"ImageObject\",\"inLanguage\":\"fr-FR\",\"@id\":\"https:\/\/www.babylon.fr\/campus\/politique-de-protection-des-donnees\/#primaryimage\",\"url\":\"https:\/\/www.babylon.fr\/campus\/wp-content\/uploads\/2019\/12\/pdf_telecharger-1.svg\",\"contentUrl\":\"https:\/\/www.babylon.fr\/campus\/wp-content\/uploads\/2019\/12\/pdf_telecharger-1.svg\",\"caption\":\"pdf \u00e0 t\u00e9l\u00e9charger\"},{\"@type\":\"BreadcrumbList\",\"@id\":\"https:\/\/www.babylon.fr\/campus\/politique-de-protection-des-donnees\/#breadcrumb\",\"itemListElement\":[{\"@type\":\"ListItem\",\"position\":1,\"name\":\"Accueil\",\"item\":\"https:\/\/www.babylon.fr\/campus\/\"},{\"@type\":\"ListItem\",\"position\":2,\"name\":\"Politique de protection des donn\u00e9es\"}]},{\"@type\":\"WebSite\",\"@id\":\"https:\/\/www.babylon.fr\/campus\/#website\",\"url\":\"https:\/\/www.babylon.fr\/campus\/\",\"name\":\"Le campus de Babylon.fr\",\"description\":\"Le campus de Babylon.fr\",\"publisher\":{\"@id\":\"https:\/\/www.babylon.fr\/campus\/#organization\"},\"potentialAction\":[{\"@type\":\"SearchAction\",\"target\":{\"@type\":\"EntryPoint\",\"urlTemplate\":\"https:\/\/www.babylon.fr\/campus\/?s={search_term_string}\"},\"query-input\":{\"@type\":\"PropertyValueSpecification\",\"valueRequired\":true,\"valueName\":\"search_term_string\"}}],\"inLanguage\":\"fr-FR\"},{\"@type\":\"Organization\",\"@id\":\"https:\/\/www.babylon.fr\/campus\/#organization\",\"name\":\"Babylon.fr - Formations en ligne\",\"url\":\"https:\/\/www.babylon.fr\/campus\/\",\"logo\":{\"@type\":\"ImageObject\",\"inLanguage\":\"fr-FR\",\"@id\":\"https:\/\/www.babylon.fr\/campus\/#\/schema\/logo\/image\/\",\"url\":\"https:\/\/www.babylon.fr\/campus\/wp-content\/uploads\/2020\/04\/Logo_babylon-fr-le-campus_couleur.png\",\"contentUrl\":\"https:\/\/www.babylon.fr\/campus\/wp-content\/uploads\/2020\/04\/Logo_babylon-fr-le-campus_couleur.png\",\"width\":1180,\"height\":590,\"caption\":\"Babylon.fr - Formations en ligne\"},\"image\":{\"@id\":\"https:\/\/www.babylon.fr\/campus\/#\/schema\/logo\/image\/\"},\"sameAs\":[\"https:\/\/www.facebook.com\/Babylonfr-100159921380072\/\",\"https:\/\/www.linkedin.com\/in\/jean-michel-pauline-25945535\/\",\"https:\/\/www.youtube.com\/channel\/UCA4ULj0pi7937eKQ7l94mTw\"]}]}<\/script>\n<!-- \/ Yoast SEO plugin. -->","yoast_head_json":{"title":"Politique de protection des donn\u00e9es - Babylon.fr","description":"La protection des donn\u00e9es est un \u00e9l\u00e9ment important pour Babylon.fr, organisme de formation \u00e0 distance. Notre politique RGPD est consultable.","robots":{"index":"index","follow":"follow","max-snippet":"max-snippet:-1","max-image-preview":"max-image-preview:large","max-video-preview":"max-video-preview:-1"},"canonical":"https:\/\/www.babylon.fr\/campus\/politique-de-protection-des-donnees\/","og_locale":"fr_FR","og_type":"article","og_title":"Politique de protection des donn\u00e9es - Babylon.fr","og_description":"La protection des donn\u00e9es est un \u00e9l\u00e9ment important pour Babylon.fr, organisme de formation \u00e0 distance. Notre politique RGPD est consultable.","og_url":"https:\/\/www.babylon.fr\/campus\/politique-de-protection-des-donnees\/","og_site_name":"Le campus de Babylon.fr","article_publisher":"https:\/\/www.facebook.com\/Babylonfr-100159921380072\/","article_modified_time":"2022-07-27T07:16:12+00:00","og_image":[{"url":"https:\/\/www.babylon.fr\/campus\/wp-content\/uploads\/2019\/12\/pdf_telecharger-1.svg","type":"","width":"","height":""}],"schema":{"@context":"https:\/\/schema.org","@graph":[{"@type":"WebPage","@id":"https:\/\/www.babylon.fr\/campus\/politique-de-protection-des-donnees\/","url":"https:\/\/www.babylon.fr\/campus\/politique-de-protection-des-donnees\/","name":"Politique de protection des donn\u00e9es - Babylon.fr","isPartOf":{"@id":"https:\/\/www.babylon.fr\/campus\/#website"},"primaryImageOfPage":{"@id":"https:\/\/www.babylon.fr\/campus\/politique-de-protection-des-donnees\/#primaryimage"},"image":{"@id":"https:\/\/www.babylon.fr\/campus\/politique-de-protection-des-donnees\/#primaryimage"},"thumbnailUrl":"https:\/\/www.babylon.fr\/campus\/wp-content\/uploads\/2019\/12\/pdf_telecharger-1.svg","datePublished":"2020-02-20T10:21:02+00:00","dateModified":"2022-07-27T07:16:12+00:00","description":"La protection des donn\u00e9es est un \u00e9l\u00e9ment important pour Babylon.fr, organisme de formation \u00e0 distance. Notre politique RGPD est consultable.","breadcrumb":{"@id":"https:\/\/www.babylon.fr\/campus\/politique-de-protection-des-donnees\/#breadcrumb"},"inLanguage":"fr-FR","potentialAction":[{"@type":"ReadAction","target":["https:\/\/www.babylon.fr\/campus\/politique-de-protection-des-donnees\/"]}]},{"@type":"ImageObject","inLanguage":"fr-FR","@id":"https:\/\/www.babylon.fr\/campus\/politique-de-protection-des-donnees\/#primaryimage","url":"https:\/\/www.babylon.fr\/campus\/wp-content\/uploads\/2019\/12\/pdf_telecharger-1.svg","contentUrl":"https:\/\/www.babylon.fr\/campus\/wp-content\/uploads\/2019\/12\/pdf_telecharger-1.svg","caption":"pdf \u00e0 t\u00e9l\u00e9charger"},{"@type":"BreadcrumbList","@id":"https:\/\/www.babylon.fr\/campus\/politique-de-protection-des-donnees\/#breadcrumb","itemListElement":[{"@type":"ListItem","position":1,"name":"Accueil","item":"https:\/\/www.babylon.fr\/campus\/"},{"@type":"ListItem","position":2,"name":"Politique de protection des donn\u00e9es"}]},{"@type":"WebSite","@id":"https:\/\/www.babylon.fr\/campus\/#website","url":"https:\/\/www.babylon.fr\/campus\/","name":"Le campus de Babylon.fr","description":"Le campus de Babylon.fr","publisher":{"@id":"https:\/\/www.babylon.fr\/campus\/#organization"},"potentialAction":[{"@type":"SearchAction","target":{"@type":"EntryPoint","urlTemplate":"https:\/\/www.babylon.fr\/campus\/?s={search_term_string}"},"query-input":{"@type":"PropertyValueSpecification","valueRequired":true,"valueName":"search_term_string"}}],"inLanguage":"fr-FR"},{"@type":"Organization","@id":"https:\/\/www.babylon.fr\/campus\/#organization","name":"Babylon.fr - Formations en ligne","url":"https:\/\/www.babylon.fr\/campus\/","logo":{"@type":"ImageObject","inLanguage":"fr-FR","@id":"https:\/\/www.babylon.fr\/campus\/#\/schema\/logo\/image\/","url":"https:\/\/www.babylon.fr\/campus\/wp-content\/uploads\/2020\/04\/Logo_babylon-fr-le-campus_couleur.png","contentUrl":"https:\/\/www.babylon.fr\/campus\/wp-content\/uploads\/2020\/04\/Logo_babylon-fr-le-campus_couleur.png","width":1180,"height":590,"caption":"Babylon.fr - Formations en ligne"},"image":{"@id":"https:\/\/www.babylon.fr\/campus\/#\/schema\/logo\/image\/"},"sameAs":["https:\/\/www.facebook.com\/Babylonfr-100159921380072\/","https:\/\/www.linkedin.com\/in\/jean-michel-pauline-25945535\/","https:\/\/www.youtube.com\/channel\/UCA4ULj0pi7937eKQ7l94mTw"]}]}},"_links":{"self":[{"href":"https:\/\/www.babylon.fr\/campus\/wp-json\/wp\/v2\/pages\/3318","targetHints":{"allow":["GET"]}}],"collection":[{"href":"https:\/\/www.babylon.fr\/campus\/wp-json\/wp\/v2\/pages"}],"about":[{"href":"https:\/\/www.babylon.fr\/campus\/wp-json\/wp\/v2\/types\/page"}],"author":[{"embeddable":true,"href":"https:\/\/www.babylon.fr\/campus\/wp-json\/wp\/v2\/users\/1"}],"replies":[{"embeddable":true,"href":"https:\/\/www.babylon.fr\/campus\/wp-json\/wp\/v2\/comments?post=3318"}],"version-history":[{"count":1,"href":"https:\/\/www.babylon.fr\/campus\/wp-json\/wp\/v2\/pages\/3318\/revisions"}],"predecessor-version":[{"id":12577,"href":"https:\/\/www.babylon.fr\/campus\/wp-json\/wp\/v2\/pages\/3318\/revisions\/12577"}],"wp:attachment":[{"href":"https:\/\/www.babylon.fr\/campus\/wp-json\/wp\/v2\/media?parent=3318"}],"curies":[{"name":"wp","href":"https:\/\/api.w.org\/{rel}","templated":true}]}}