{"id":18534,"date":"2024-02-22T13:19:48","date_gmt":"2024-02-22T13:19:48","guid":{"rendered":"https:\/\/www.babylon.fr\/campus\/declaration-de-confidentialite-ue\/"},"modified":"2024-02-22T13:19:48","modified_gmt":"2024-02-22T13:19:48","slug":"declaration-de-confidentialite-ue","status":"publish","type":"page","link":"https:\/\/www.babylon.fr\/campus\/declaration-de-confidentialite-ue\/","title":{"rendered":"D\u00e9claration de confidentialit\u00e9 (UE)"},"content":{"rendered":"\n<!-- Legal document generated by Complianz | GDPR\/CCPA Cookie Consent https:\/\/wordpress.org\/plugins\/complianz-gdpr -->\n<div id=\"cmplz-document\" class=\"cmplz-document privacy-statement cmplz-document-eu\"><h2>1. Finalit\u00e9, donn\u00e9es et dur\u00e9e de conservation<\/h2>Nous pouvons collecter ou recevoir des informations personnelles pour un certain nombre de raisons li\u00e9es \u00e0 nos activit\u00e9s commerciales, notamment les suivantes\u00a0: (cliquez pour d\u00e9plier)<details class=\"cmplz-dropdown dropdown-privacy-statement\"><summary><div><h3>1.1 Contact - Par t\u00e9l\u00e9phone, courrier, e-mail et\/ou formulaires web<\/h3><\/div><\/summary><p class=\"cmplz-subtitle\">Dans cette finalit\u00e9, nous utilisons les donn\u00e9es suivantes\u00a0:<\/p><p><ul><li>Un pr\u00e9nom et un nom de famille<\/li><li>Un domicile ou une autre adresse physique, incluant le nom d\u2019une rue et le nom d\u2019une ville ou d\u2019un village<\/li><li>Une adresse e-mail<\/li><li>Un num\u00e9ro de t\u00e9l\u00e9phone<\/li><li>Adresse IP<\/li><\/ul><\/p><p class=\"cmplz-subtitle\">La base sur laquelle nous pouvons traiter ces donn\u00e9es est\u00a0:<\/p><p><a target=\"_blank\" rel=\"noopener noreferrer nofollow\" href=\"https:\/\/cookiedatabase.org\/legal-bases\/#agreement\">N\u00e9cessaire pour l\u2019ex\u00e9cution d\u2019un contrat ou des proc\u00e9dures pr\u00e9liminaires li\u00e9es \u00e0 un contrat auquel la personne concern\u00e9e est partie prenante. <\/a><\/p><p class=\"cmplz-subtitle\">Dur\u00e9e de conservation<\/p><p>Nous conservons ces donn\u00e9es \u00e0 la fin du service pendant le nombre de mois suivant\u00a0: 5 ans<\/p><\/details><details class=\"cmplz-dropdown dropdown-privacy-statement\"><summary><div><h3>1.2 Infolettres<\/h3><\/div><\/summary><p class=\"cmplz-subtitle\">Dans cette finalit\u00e9, nous utilisons les donn\u00e9es suivantes\u00a0:<\/p><p><ul><li>Un pr\u00e9nom et un nom de famille<\/li><li>Une adresse e-mail<\/li><\/ul><\/p><p class=\"cmplz-subtitle\">La base sur laquelle nous pouvons traiter ces donn\u00e9es est\u00a0:<\/p><p><a target=\"_blank\" rel=\"noopener noreferrer nofollow\" href=\"https:\/\/cookiedatabase.org\/legal-bases\/#consent\">Apr\u00e8s avoir donn\u00e9 son consentement.<\/a><\/p><p class=\"cmplz-subtitle\">Dur\u00e9e de conservation<\/p><p>Nous conservons ces donn\u00e9es jusqu\u2019\u00e0 la fin du service.<\/p><\/details><details class=\"cmplz-dropdown dropdown-privacy-statement\"><summary><div><h3>1.3 Pour prendre en charge les services ou produits que votre client souhaite acheter ou a achet\u00e9s<\/h3><\/div><\/summary><p class=\"cmplz-subtitle\">Dans cette finalit\u00e9, nous utilisons les donn\u00e9es suivantes\u00a0:<\/p><p><ul><li>Un pr\u00e9nom et un nom de famille<\/li><li>Une adresse e-mail<\/li><li>Un num\u00e9ro de t\u00e9l\u00e9phone<\/li><\/ul><\/p><p class=\"cmplz-subtitle\">La base sur laquelle nous pouvons traiter ces donn\u00e9es est\u00a0:<\/p><p><a target=\"_blank\" rel=\"noopener noreferrer nofollow\" href=\"https:\/\/cookiedatabase.org\/legal-bases\/#consent\">Apr\u00e8s avoir donn\u00e9 son consentement.<\/a><\/p><p class=\"cmplz-subtitle\">Dur\u00e9e de conservation<\/p><p>Nous conservons ces donn\u00e9es \u00e0 la fin du service pendant le nombre de mois suivant\u00a0: 5 ans<\/p><\/details><\/div>\n","protected":false},"excerpt":{"rendered":"","protected":false},"author":1,"featured_media":0,"parent":0,"menu_order":0,"comment_status":"closed","ping_status":"closed","template":"","meta":{"_acf_changed":false,"footnotes":""},"class_list":["post-18534","page","type-page","status-publish","hentry","entry"],"acf":[],"yoast_head":"<!-- This site is optimized with the Yoast SEO plugin v27.2 - https:\/\/yoast.com\/product\/yoast-seo-wordpress\/ -->\n<title>D\u00e9claration de confidentialit\u00e9 (UE) - Le campus de Babylon.fr<\/title>\n<meta name=\"robots\" content=\"index, follow, max-snippet:-1, max-image-preview:large, max-video-preview:-1\" \/>\n<link rel=\"canonical\" href=\"https:\/\/www.babylon.fr\/campus\/declaration-de-confidentialite-ue\/\" \/>\n<meta property=\"og:locale\" content=\"fr_FR\" \/>\n<meta property=\"og:type\" content=\"article\" \/>\n<meta property=\"og:title\" content=\"D\u00e9claration de confidentialit\u00e9 (UE) - Le campus de Babylon.fr\" \/>\n<meta property=\"og:url\" content=\"https:\/\/www.babylon.fr\/campus\/declaration-de-confidentialite-ue\/\" \/>\n<meta property=\"og:site_name\" content=\"Le campus de Babylon.fr\" \/>\n<meta property=\"article:publisher\" content=\"https:\/\/www.facebook.com\/Babylonfr-100159921380072\/\" \/>\n<script type=\"application\/ld+json\" class=\"yoast-schema-graph\">{\"@context\":\"https:\/\/schema.org\",\"@graph\":[{\"@type\":\"WebPage\",\"@id\":\"https:\/\/www.babylon.fr\/campus\/declaration-de-confidentialite-ue\/\",\"url\":\"https:\/\/www.babylon.fr\/campus\/declaration-de-confidentialite-ue\/\",\"name\":\"D\u00e9claration de confidentialit\u00e9 (UE) - Le campus de Babylon.fr\",\"isPartOf\":{\"@id\":\"https:\/\/www.babylon.fr\/campus\/#website\"},\"datePublished\":\"2024-02-22T13:19:48+00:00\",\"breadcrumb\":{\"@id\":\"https:\/\/www.babylon.fr\/campus\/declaration-de-confidentialite-ue\/#breadcrumb\"},\"inLanguage\":\"fr-FR\",\"potentialAction\":[{\"@type\":\"ReadAction\",\"target\":[\"https:\/\/www.babylon.fr\/campus\/declaration-de-confidentialite-ue\/\"]}]},{\"@type\":\"BreadcrumbList\",\"@id\":\"https:\/\/www.babylon.fr\/campus\/declaration-de-confidentialite-ue\/#breadcrumb\",\"itemListElement\":[{\"@type\":\"ListItem\",\"position\":1,\"name\":\"Accueil\",\"item\":\"https:\/\/www.babylon.fr\/campus\/\"},{\"@type\":\"ListItem\",\"position\":2,\"name\":\"D\u00e9claration de confidentialit\u00e9 (UE)\"}]},{\"@type\":\"WebSite\",\"@id\":\"https:\/\/www.babylon.fr\/campus\/#website\",\"url\":\"https:\/\/www.babylon.fr\/campus\/\",\"name\":\"Le campus de Babylon.fr\",\"description\":\"Le campus de Babylon.fr\",\"publisher\":{\"@id\":\"https:\/\/www.babylon.fr\/campus\/#organization\"},\"potentialAction\":[{\"@type\":\"SearchAction\",\"target\":{\"@type\":\"EntryPoint\",\"urlTemplate\":\"https:\/\/www.babylon.fr\/campus\/?s={search_term_string}\"},\"query-input\":{\"@type\":\"PropertyValueSpecification\",\"valueRequired\":true,\"valueName\":\"search_term_string\"}}],\"inLanguage\":\"fr-FR\"},{\"@type\":\"Organization\",\"@id\":\"https:\/\/www.babylon.fr\/campus\/#organization\",\"name\":\"Babylon.fr - Formations en ligne\",\"url\":\"https:\/\/www.babylon.fr\/campus\/\",\"logo\":{\"@type\":\"ImageObject\",\"inLanguage\":\"fr-FR\",\"@id\":\"https:\/\/www.babylon.fr\/campus\/#\/schema\/logo\/image\/\",\"url\":\"https:\/\/www.babylon.fr\/campus\/wp-content\/uploads\/2020\/04\/Logo_babylon-fr-le-campus_couleur.png\",\"contentUrl\":\"https:\/\/www.babylon.fr\/campus\/wp-content\/uploads\/2020\/04\/Logo_babylon-fr-le-campus_couleur.png\",\"width\":1180,\"height\":590,\"caption\":\"Babylon.fr - Formations en ligne\"},\"image\":{\"@id\":\"https:\/\/www.babylon.fr\/campus\/#\/schema\/logo\/image\/\"},\"sameAs\":[\"https:\/\/www.facebook.com\/Babylonfr-100159921380072\/\",\"https:\/\/www.linkedin.com\/in\/jean-michel-pauline-25945535\/\",\"https:\/\/www.youtube.com\/channel\/UCA4ULj0pi7937eKQ7l94mTw\"]}]}<\/script>\n<!-- \/ Yoast SEO plugin. -->","yoast_head_json":{"title":"D\u00e9claration de confidentialit\u00e9 (UE) - Le campus de Babylon.fr","robots":{"index":"index","follow":"follow","max-snippet":"max-snippet:-1","max-image-preview":"max-image-preview:large","max-video-preview":"max-video-preview:-1"},"canonical":"https:\/\/www.babylon.fr\/campus\/declaration-de-confidentialite-ue\/","og_locale":"fr_FR","og_type":"article","og_title":"D\u00e9claration de confidentialit\u00e9 (UE) - Le campus de Babylon.fr","og_url":"https:\/\/www.babylon.fr\/campus\/declaration-de-confidentialite-ue\/","og_site_name":"Le campus de Babylon.fr","article_publisher":"https:\/\/www.facebook.com\/Babylonfr-100159921380072\/","schema":{"@context":"https:\/\/schema.org","@graph":[{"@type":"WebPage","@id":"https:\/\/www.babylon.fr\/campus\/declaration-de-confidentialite-ue\/","url":"https:\/\/www.babylon.fr\/campus\/declaration-de-confidentialite-ue\/","name":"D\u00e9claration de confidentialit\u00e9 (UE) - Le campus de Babylon.fr","isPartOf":{"@id":"https:\/\/www.babylon.fr\/campus\/#website"},"datePublished":"2024-02-22T13:19:48+00:00","breadcrumb":{"@id":"https:\/\/www.babylon.fr\/campus\/declaration-de-confidentialite-ue\/#breadcrumb"},"inLanguage":"fr-FR","potentialAction":[{"@type":"ReadAction","target":["https:\/\/www.babylon.fr\/campus\/declaration-de-confidentialite-ue\/"]}]},{"@type":"BreadcrumbList","@id":"https:\/\/www.babylon.fr\/campus\/declaration-de-confidentialite-ue\/#breadcrumb","itemListElement":[{"@type":"ListItem","position":1,"name":"Accueil","item":"https:\/\/www.babylon.fr\/campus\/"},{"@type":"ListItem","position":2,"name":"D\u00e9claration de confidentialit\u00e9 (UE)"}]},{"@type":"WebSite","@id":"https:\/\/www.babylon.fr\/campus\/#website","url":"https:\/\/www.babylon.fr\/campus\/","name":"Le campus de Babylon.fr","description":"Le campus de Babylon.fr","publisher":{"@id":"https:\/\/www.babylon.fr\/campus\/#organization"},"potentialAction":[{"@type":"SearchAction","target":{"@type":"EntryPoint","urlTemplate":"https:\/\/www.babylon.fr\/campus\/?s={search_term_string}"},"query-input":{"@type":"PropertyValueSpecification","valueRequired":true,"valueName":"search_term_string"}}],"inLanguage":"fr-FR"},{"@type":"Organization","@id":"https:\/\/www.babylon.fr\/campus\/#organization","name":"Babylon.fr - Formations en ligne","url":"https:\/\/www.babylon.fr\/campus\/","logo":{"@type":"ImageObject","inLanguage":"fr-FR","@id":"https:\/\/www.babylon.fr\/campus\/#\/schema\/logo\/image\/","url":"https:\/\/www.babylon.fr\/campus\/wp-content\/uploads\/2020\/04\/Logo_babylon-fr-le-campus_couleur.png","contentUrl":"https:\/\/www.babylon.fr\/campus\/wp-content\/uploads\/2020\/04\/Logo_babylon-fr-le-campus_couleur.png","width":1180,"height":590,"caption":"Babylon.fr - Formations en ligne"},"image":{"@id":"https:\/\/www.babylon.fr\/campus\/#\/schema\/logo\/image\/"},"sameAs":["https:\/\/www.facebook.com\/Babylonfr-100159921380072\/","https:\/\/www.linkedin.com\/in\/jean-michel-pauline-25945535\/","https:\/\/www.youtube.com\/channel\/UCA4ULj0pi7937eKQ7l94mTw"]}]}},"_links":{"self":[{"href":"https:\/\/www.babylon.fr\/campus\/wp-json\/wp\/v2\/pages\/18534","targetHints":{"allow":["GET"]}}],"collection":[{"href":"https:\/\/www.babylon.fr\/campus\/wp-json\/wp\/v2\/pages"}],"about":[{"href":"https:\/\/www.babylon.fr\/campus\/wp-json\/wp\/v2\/types\/page"}],"author":[{"embeddable":true,"href":"https:\/\/www.babylon.fr\/campus\/wp-json\/wp\/v2\/users\/1"}],"replies":[{"embeddable":true,"href":"https:\/\/www.babylon.fr\/campus\/wp-json\/wp\/v2\/comments?post=18534"}],"version-history":[{"count":0,"href":"https:\/\/www.babylon.fr\/campus\/wp-json\/wp\/v2\/pages\/18534\/revisions"}],"wp:attachment":[{"href":"https:\/\/www.babylon.fr\/campus\/wp-json\/wp\/v2\/media?parent=18534"}],"curies":[{"name":"wp","href":"https:\/\/api.w.org\/{rel}","templated":true}]}}