{"id":1838,"date":"2019-12-16T13:26:22","date_gmt":"2019-12-16T13:26:22","guid":{"rendered":"https:\/\/www.babylon.fr\/campus\/?page_id=1838"},"modified":"2025-12-30T12:43:25","modified_gmt":"2025-12-30T12:43:25","slug":"mentions-legales-organisme-formation-en-ligne-ias-iobsp","status":"publish","type":"page","link":"https:\/\/www.babylon.fr\/campus\/mentions-legales-organisme-formation-en-ligne-ias-iobsp\/","title":{"rendered":"Mentions l\u00e9gales"},"content":{"rendered":"\t\t<div data-elementor-type=\"wp-page\" data-elementor-id=\"1838\" class=\"elementor elementor-1838\" data-elementor-post-type=\"page\">\n\t\t\t\t\t\t<section class=\"elementor-section elementor-top-section elementor-element elementor-element-54dc24d elementor-section-stretched elementor-section-full_width elementor-section-height-min-height elementor-section-items-stretch elementor-section-height-default\" data-id=\"54dc24d\" data-element_type=\"section\" data-e-type=\"section\" data-settings=\"{&quot;stretch_section&quot;:&quot;section-stretched&quot;,&quot;background_background&quot;:&quot;gradient&quot;}\">\n\t\t\t\t\t\t\t<div class=\"elementor-background-overlay\"><\/div>\n\t\t\t\t\t\t\t<div class=\"elementor-container elementor-column-gap-default\">\n\t\t\t\t\t<div class=\"elementor-column elementor-col-100 elementor-top-column elementor-element elementor-element-8abf6ff\" data-id=\"8abf6ff\" data-element_type=\"column\" data-e-type=\"column\" data-settings=\"{&quot;background_background&quot;:&quot;classic&quot;}\">\n\t\t\t<div class=\"elementor-widget-wrap elementor-element-populated\">\n\t\t\t\t\t\t<div class=\"elementor-element elementor-element-0d6b71a elementor-widget elementor-widget-heading\" data-id=\"0d6b71a\" data-element_type=\"widget\" data-e-type=\"widget\" data-widget_type=\"heading.default\">\n\t\t\t\t<div class=\"elementor-widget-container\">\n\t\t\t\t\t<h1 class=\"elementor-heading-title elementor-size-default\">Mentions l\u00e9gales<\/h1>\t\t\t\t<\/div>\n\t\t\t\t<\/div>\n\t\t\t\t\t<\/div>\n\t\t<\/div>\n\t\t\t\t\t<\/div>\n\t\t<\/section>\n\t\t\t\t<section class=\"elementor-section elementor-top-section elementor-element elementor-element-89ca7e4 elementor-section-boxed elementor-section-height-default elementor-section-height-default\" data-id=\"89ca7e4\" data-element_type=\"section\" data-e-type=\"section\">\n\t\t\t\t\t\t<div class=\"elementor-container elementor-column-gap-default\">\n\t\t\t\t\t<div class=\"elementor-column elementor-col-100 elementor-top-column elementor-element elementor-element-582b070\" data-id=\"582b070\" data-element_type=\"column\" data-e-type=\"column\">\n\t\t\t<div class=\"elementor-widget-wrap elementor-element-populated\">\n\t\t\t\t\t\t<div class=\"elementor-element elementor-element-e2f9ae0 elementor-widget elementor-widget-text-editor\" data-id=\"e2f9ae0\" data-element_type=\"widget\" data-e-type=\"widget\" data-widget_type=\"text-editor.default\">\n\t\t\t\t<div class=\"elementor-widget-container\">\n\t\t\t\t\t\t\t\t\t<h4>www.babylon.fr est \u00e9dit\u00e9 par :<\/h4><p><span style=\"font-weight: bold;\">D\u00e9nomination Sociale :<\/span> First Finance Digital Learning (Babylon.fr), 7 Rue Beaujon, 75008 PARIS<br \/>SAS First Finance DL au capital de 1 \u20ac RC PARIS 942685264.<br \/><span style=\"font-size: 16px;\"><br \/>Organisme de formation enregistr\u00e9 sous le n\u00b0 11757333775 aupr\u00e8s du pr\u00e9fet de r\u00e9gion d&rsquo;\u00cele-de-France.<\/span><\/p><p>Cet enregistrement ne vaut pas agr\u00e9ment de l&rsquo;\u00c9tat.<\/p><p>TVA : FR46942685264<br \/><span style=\"font-weight: bold;\"><br \/>Si\u00e8ge social :<\/span> 7 Rue Beaujon, 75008 PARIS<br \/><span style=\"font-variant-ligatures: normal; font-variant-caps: normal; font-family: 'Nunito Sans', sans-serif; font-size: 16px; font-style: normal; font-weight: bold;\">Etablissement\u00a0 :<\/span><span style=\"font-family: 'Nunito Sans', sans-serif; font-size: 16px; font-style: normal; font-variant-ligatures: normal; font-variant-caps: normal; font-weight: 400;\"> 235, avenue Alsace-Lorraine \u2013 73000 CHAMB\u00c9RY (France)<\/span><\/p><p><span style=\"font-weight: bold;\">Repr\u00e9sentant l\u00e9gal :<\/span> First Finance &amp; Co &#8211;\u00a0RCS : 938 105 095 Paris<br \/><span style=\"font-weight: bold;\">E-mail :<\/span> <a href=\"mailto:info@babylon.fr\">info@babylon.fr <\/a><br \/><span style=\"font-weight: bold;\">Site web :<\/span> https:\/\/www.babylon.fr<\/p><p>Le site est d\u00e9velopp\u00e9 et maintenu par<span style=\"font-weight: bold;\">\u00a0:<\/span> Babylon.fr<br \/><span style=\"font-weight: bold;\">Adresse web :<\/span> <a href=\"https:\/\/www.babylon.fr\/\">https:\/\/www.babylon.fr<\/a><br \/><span style=\"font-weight: bold;\">Adresse postale :<\/span> 235, avenue Alsace-Lorraine \u2013 73000 CHAMBERY (France)<br \/><span style=\"font-weight: bold;\">T\u00e9l\u00e9phone :<\/span> +33 (0)4 79 25 94 96<br \/><span style=\"font-weight: bold;\">E-mail :<\/span> <a href=\"mailto:formation@babylon.fr\">formation@babylon.fr<\/a><\/p><p>Le site web babylon.fr est h\u00e9berg\u00e9 par : Infomaniak<strong><br \/><\/strong><br \/><span style=\"font-weight: bold;\">Soci\u00e9t\u00e9 :<\/span> Infomaniak \/ N\u00b0 IDE &amp; TVA : CHE-103.167.648<br \/><span style=\"font-weight: bold;\">Adresse web :<\/span>\u00a0<a href=\"https:\/\/www.infomaniak.com\/fr\">https:\/\/www.infomaniak.com\/fr<\/a><br \/><span style=\"font-weight: bold;\">Adresse postale :<\/span> Infomaniak Network SA, Rue Eug\u00e8ne-Marziano 25, 1227 Gen\u00e8ve SUISSE<\/p><p>Les sites web campus-iobsp.com et campus-ias.com sont h\u00e9berg\u00e9s par : OVH<br \/><span style=\"font-weight: bold;\"><br \/>Soci\u00e9t\u00e9 :<\/span> OVH \/ N\u00b0 siret 42476141900045<br \/><span style=\"font-weight: bold;\">Adresse web : <\/span> <a href=\"https:\/\/www.ovh.com\/\">https:\/\/www.ovh.com<\/a><br \/><span style=\"font-weight: bold;\">Adresse postale :<\/span> 2, rue kellermann &#8211; BP 80157 &#8211; 59053 ROUBAIX Cedex 1<\/p><p><span style=\"font-weight: bold;\">Cr\u00e9dits images :<\/span><br \/>Babylon.fr \/ freepik.com \/ pexels.com<\/p><p><span style=\"font-weight: bold;\">Donn\u00e9es personnelles :<\/span><br \/>Conform\u00e9ment \u00e0 la loi Informatique et Libert\u00e9s du 6 Janvier 1978 modifi\u00e9e par la Loi du 6 ao\u00fbt 2004, vous disposez d&rsquo;un droit d&rsquo;acc\u00e8s, de rectification, de modification et de suppression des donn\u00e9es personnelles que vous nous avez communiqu\u00e9es.<\/p><p>Vous pouvez exercer ce droit en envoyant un courrier au responsable du traitement :<br \/><a href=\"https:\/\/www.babylon.fr\/\"><span style=\"font-weight: bold;\">babylon.fr<\/span><\/a><span style=\"font-weight: bold;\"><br \/>Service consommateur<\/span><\/p><p><span style=\"font-weight: bold;\">Adresse :<\/span> 235, avenue Alsace-Lorraine \u2013 73000 CHAMB\u00c9RY (France)<br \/><span style=\"font-weight: bold;\">E-mail :<\/span> <a href=\"mailto:contact@babylon.fr\">contact@babylon.fr<\/a><\/p><p>Si vous \u00eates abonn\u00e9 \u00e0 des services d&rsquo;information par courrier \u00e9lectronique (newsletter), vous pouvez demander \u00e0 ne plus recevoir ces courriers, soit comme indiqu\u00e9 ci-dessus, soit en suivant les instructions figurant en fin de chacun de ces courriers, lorsque vous les recevez.<\/p>\t\t\t\t\t\t\t\t<\/div>\n\t\t\t\t<\/div>\n\t\t\t\t<section class=\"elementor-section elementor-inner-section elementor-element elementor-element-8b0dd0f elementor-section-boxed elementor-section-height-default elementor-section-height-default\" data-id=\"8b0dd0f\" data-element_type=\"section\" data-e-type=\"section\">\n\t\t\t\t\t\t<div class=\"elementor-container elementor-column-gap-default\">\n\t\t\t\t\t<div class=\"elementor-column elementor-col-100 elementor-inner-column elementor-element elementor-element-b928ff7\" data-id=\"b928ff7\" data-element_type=\"column\" data-e-type=\"column\">\n\t\t\t<div class=\"elementor-widget-wrap elementor-element-populated\">\n\t\t\t\t\t\t<div class=\"elementor-element elementor-element-c9f781c elementor-widget elementor-widget-text-editor\" data-id=\"c9f781c\" data-element_type=\"widget\" data-e-type=\"widget\" data-widget_type=\"text-editor.default\">\n\t\t\t\t<div class=\"elementor-widget-container\">\n\t\t\t\t\t\t\t\t\t<h3><span class=\"title-4\">Propri\u00e9t\u00e9 intellectuelle<\/span><\/h3><p>L\u2019ensemble des \u00e9l\u00e9ments qui figurant sur le site de Babylon.fr sont prot\u00e9g\u00e9s par la l\u00e9gislation fran\u00e7aise sur le droit d\u2019auteur et le droit des marques.<\/p><p>L\u2019ensemble des \u00e9l\u00e9ments du site, les marques, logos, dessins, graphismes, chartes graphiques, ic\u00f4nes, textes, applications, scripts, fonctionnalit\u00e9, ainsi que leur s\u00e9lection ou combinaison apparaissant \u00e0 l\u2019adresse https:\/\/www.babylon.fr\/campus\/ ou sur les sous-domaines associ\u00e9s et les autres domaines du site internet, sont la propri\u00e9t\u00e9 exclusive de Babylon.fr. L\u2019acc\u00e8s au site n\u2019entra\u00eene aucune cession des droits susvis\u00e9s.<\/p><p>Les droits d\u2019utilisation du site ne sont conc\u00e9d\u00e9s que sous forme num\u00e9rique aux fins de visualisation des pages consult\u00e9es, \u00e0 titre personnel, non cessible et non exclusif.<\/p><p>L\u2019utilisateur s\u2019interdit de copier, reproduire, modifier, distribuer, afficher ou vendre, par quelque proc\u00e9d\u00e9 ou forme que ce soit, en tout ou partie, tout \u00e9l\u00e9ment du site ou se rapportant \u00e0 celui-ci, par quelque proc\u00e9d\u00e9 que ce soit, et pour toute autre finalit\u00e9 y compris \u00e0 titre commercial, sans l\u2019autorisation pr\u00e9alable et \u00e9crite de Babylon.fr.<\/p><p>En cas d\u2019utilisation ill\u00e9gale ou non autoris\u00e9e du site, Babylon.fr se r\u00e9serve le droit prendre toute mesure ad\u00e9quate qu\u2019elle estime n\u00e9cessaire et, le cas \u00e9ch\u00e9ant, d\u2019intenter toute action en justice appropri\u00e9e, et\/ou signaler l\u2019infraction aux autorit\u00e9s judiciaires et de police.<\/p><h4><span class=\"text-big\">Statistiques de fr\u00e9quentation<\/span><\/h4><p>Babylon.fr est seul destinataire de ces donn\u00e9es. Aucun transfert de donn\u00e9es hors Union Europ\u00e9enne n\u2019est en place. Babylon.fr se r\u00e9serve le droit de transmettre vos donn\u00e9es personnelles afin de satisfaire \u00e0 ses obligations l\u00e9gales, et notamment si elle en \u00e9tait contrainte par r\u00e9quisition judiciaire.<\/p><p>Pour garantir la conformit\u00e9 de ses traitements de donn\u00e9es \u00e0 caract\u00e8re personnel \u00e0 la Loi N\u00b078-17 modifi\u00e9e, Babylon.fr a d\u00e9clar\u00e9 le pr\u00e9sent site internet aupr\u00e8s de son correspondant informatique et libert\u00e9s.<\/p><p>Vous b\u00e9n\u00e9ficiez des droits d\u2019acc\u00e8s, de rectification et d\u2019opposition au traitement de vos donn\u00e9es \u00e0 caract\u00e8re personnel. Ces droits peuvent \u00eatre exerc\u00e9s, conform\u00e9ment \u00e0 la loi n\u00b078-17 du 6 janvier 1978 modifi\u00e9e le 6 ao\u00fbt 2004, en justifiant de son identit\u00e9 et d\u2019un motif l\u00e9gitime, par simple demande par courrier RAR \u00e0 l\u2019adresse suivante : 235, avenue Alsace-Lorraine, 73000 Chamb\u00e9ry, France. Joignez la photocopie d\u2019une pi\u00e8ce d\u2019identit\u00e9.<\/p><h3><span class=\"title-4\">Cookies<\/span><\/h3><h4><span class=\"text-big\">Google Analytics et vie priv\u00e9e<\/span><\/h4><p>Ce site utilise Google Analytics, un service d\u2019analyse de site internet fourni par Google Inc. (\u00ab Google \u00bb). Pour utiliser \u00ab Analytics \u00bb, un responsable de site doit ins\u00e9rer une applet (javascript) dans chacune des pages de son site. Cette applet collecte et envoie \u00e0 Google des donn\u00e9es sur chaque visiteur du site. Google Analytics utilise son propre cookie pour effectuer le suivi des interactions d\u2019un visiteur.<\/p><p>En utilisant ce site internet, vous consentez express\u00e9ment au traitement de vos donn\u00e9es nominatives par Google. Google n\u2019utilise ces donn\u00e9es que dans le but d\u2019\u00e9valuer votre utilisation du site, de compiler des rapports sur l\u2019activit\u00e9 du site \u00e0 destination de Babylon.fr. Les donn\u00e9es collect\u00e9es et trait\u00e9es sont : la provenance g\u00e9ographique du visiteur, son adresse IP, la date de sa visite, la dur\u00e9e de sa visite, les pages consult\u00e9es ainsi que l\u2019encha\u00eenement des pages.<\/p><p>Le traitement mis en \u0153uvre poursuit un int\u00e9r\u00eat l\u00e9gitime et ne porte pas atteinte aux droits et libert\u00e9s fondamentaux de la personne. Afin de s\u2019assurer que l\u2019utilisation de Google Analytics est compatible avec la l\u00e9gislation applicable en mati\u00e8re de protection des donn\u00e9es personnelles, notamment la position de la CNIL concernant les cookies utilis\u00e9s pour r\u00e9aliser de la mesure d\u2019audience, Babylon.fr s\u2019engage \u00e0 examiner r\u00e9guli\u00e8rement toute modification des conditions g\u00e9n\u00e9rales d\u2019utilisation de Google Analytics et, le cas \u00e9ch\u00e9ant, \u00e0 abandonner cet outil si ces modifications devaient porter atteinte aux droits et libert\u00e9s fondamentaux des visiteurs. Si vous ne souhaitez pas transmettre d\u2019informations \u00e0 Google Analytics, t\u00e9l\u00e9chargez et installez ce module dans votre navigateur, disponible \u00e0 l\u2019adresse suivant : http:\/\/tools.google.com\/dlpage\/gaoptout?hl=fr<\/p>\t\t\t\t\t\t\t\t<\/div>\n\t\t\t\t<\/div>\n\t\t\t\t\t<\/div>\n\t\t<\/div>\n\t\t\t\t\t<\/div>\n\t\t<\/section>\n\t\t\t\t\t<\/div>\n\t\t<\/div>\n\t\t\t\t\t<\/div>\n\t\t<\/section>\n\t\t\t\t<\/div>\n\t\t","protected":false},"excerpt":{"rendered":"<p>Mentions l\u00e9gales www.babylon.fr est \u00e9dit\u00e9 par : D\u00e9nomination Sociale : First Finance Digital Learning (Babylon.fr), 7 Rue Beaujon, 75008 PARISSAS First Finance DL au capital de 1 \u20ac RC PARIS 942685264. Organisme de formation enregistr\u00e9 sous le n\u00b0 11757333775 aupr\u00e8s du pr\u00e9fet de r\u00e9gion d&rsquo;\u00cele-de-France. Cet enregistrement ne vaut pas agr\u00e9ment de l&rsquo;\u00c9tat. TVA : [&hellip;]<\/p>\n","protected":false},"author":5,"featured_media":0,"parent":0,"menu_order":0,"comment_status":"closed","ping_status":"closed","template":"","meta":{"_acf_changed":false,"footnotes":""},"class_list":["post-1838","page","type-page","status-publish","hentry","entry"],"acf":[],"yoast_head":"<!-- This site is optimized with the Yoast SEO plugin v27.2 - https:\/\/yoast.com\/product\/yoast-seo-wordpress\/ -->\n<title>Mentions l\u00e9gales - Le campus de Babylon.fr<\/title>\n<meta name=\"description\" content=\"Acc\u00e9dez aux mentions l\u00e9gales du campus de formation. Babylon.fr est un organisme de formation sp\u00e9cialis\u00e9 dans les formation cr\u00e9dits, assurances, orias, IAS, IOBSP.\" \/>\n<meta name=\"robots\" content=\"index, follow, max-snippet:-1, max-image-preview:large, max-video-preview:-1\" \/>\n<link rel=\"canonical\" href=\"https:\/\/www.babylon.fr\/campus\/mentions-legales-organisme-formation-en-ligne-ias-iobsp\/\" \/>\n<meta property=\"og:locale\" content=\"fr_FR\" \/>\n<meta property=\"og:type\" content=\"article\" \/>\n<meta property=\"og:title\" content=\"Mentions l\u00e9gales - Le campus de Babylon.fr\" \/>\n<meta property=\"og:description\" content=\"Acc\u00e9dez aux mentions l\u00e9gales du campus de formation. Babylon.fr est un organisme de formation sp\u00e9cialis\u00e9 dans les formation cr\u00e9dits, assurances, orias, IAS, IOBSP.\" \/>\n<meta property=\"og:url\" content=\"https:\/\/www.babylon.fr\/campus\/mentions-legales-organisme-formation-en-ligne-ias-iobsp\/\" \/>\n<meta property=\"og:site_name\" content=\"Le campus de Babylon.fr\" \/>\n<meta property=\"article:publisher\" content=\"https:\/\/www.facebook.com\/Babylonfr-100159921380072\/\" \/>\n<meta property=\"article:modified_time\" content=\"2025-12-30T12:43:25+00:00\" \/>\n<script type=\"application\/ld+json\" class=\"yoast-schema-graph\">{\"@context\":\"https:\/\/schema.org\",\"@graph\":[{\"@type\":\"WebPage\",\"@id\":\"https:\/\/www.babylon.fr\/campus\/mentions-legales-organisme-formation-en-ligne-ias-iobsp\/\",\"url\":\"https:\/\/www.babylon.fr\/campus\/mentions-legales-organisme-formation-en-ligne-ias-iobsp\/\",\"name\":\"Mentions l\u00e9gales - Le campus de Babylon.fr\",\"isPartOf\":{\"@id\":\"https:\/\/www.babylon.fr\/campus\/#website\"},\"datePublished\":\"2019-12-16T13:26:22+00:00\",\"dateModified\":\"2025-12-30T12:43:25+00:00\",\"description\":\"Acc\u00e9dez aux mentions l\u00e9gales du campus de formation. Babylon.fr est un organisme de formation sp\u00e9cialis\u00e9 dans les formation cr\u00e9dits, assurances, orias, IAS, IOBSP.\",\"breadcrumb\":{\"@id\":\"https:\/\/www.babylon.fr\/campus\/mentions-legales-organisme-formation-en-ligne-ias-iobsp\/#breadcrumb\"},\"inLanguage\":\"fr-FR\",\"potentialAction\":[{\"@type\":\"ReadAction\",\"target\":[\"https:\/\/www.babylon.fr\/campus\/mentions-legales-organisme-formation-en-ligne-ias-iobsp\/\"]}]},{\"@type\":\"BreadcrumbList\",\"@id\":\"https:\/\/www.babylon.fr\/campus\/mentions-legales-organisme-formation-en-ligne-ias-iobsp\/#breadcrumb\",\"itemListElement\":[{\"@type\":\"ListItem\",\"position\":1,\"name\":\"Accueil\",\"item\":\"https:\/\/www.babylon.fr\/campus\/\"},{\"@type\":\"ListItem\",\"position\":2,\"name\":\"Mentions l\u00e9gales\"}]},{\"@type\":\"WebSite\",\"@id\":\"https:\/\/www.babylon.fr\/campus\/#website\",\"url\":\"https:\/\/www.babylon.fr\/campus\/\",\"name\":\"Le campus de Babylon.fr\",\"description\":\"Le campus de Babylon.fr\",\"publisher\":{\"@id\":\"https:\/\/www.babylon.fr\/campus\/#organization\"},\"potentialAction\":[{\"@type\":\"SearchAction\",\"target\":{\"@type\":\"EntryPoint\",\"urlTemplate\":\"https:\/\/www.babylon.fr\/campus\/?s={search_term_string}\"},\"query-input\":{\"@type\":\"PropertyValueSpecification\",\"valueRequired\":true,\"valueName\":\"search_term_string\"}}],\"inLanguage\":\"fr-FR\"},{\"@type\":\"Organization\",\"@id\":\"https:\/\/www.babylon.fr\/campus\/#organization\",\"name\":\"Babylon.fr - Formations en ligne\",\"url\":\"https:\/\/www.babylon.fr\/campus\/\",\"logo\":{\"@type\":\"ImageObject\",\"inLanguage\":\"fr-FR\",\"@id\":\"https:\/\/www.babylon.fr\/campus\/#\/schema\/logo\/image\/\",\"url\":\"https:\/\/www.babylon.fr\/campus\/wp-content\/uploads\/2020\/04\/Logo_babylon-fr-le-campus_couleur.png\",\"contentUrl\":\"https:\/\/www.babylon.fr\/campus\/wp-content\/uploads\/2020\/04\/Logo_babylon-fr-le-campus_couleur.png\",\"width\":1180,\"height\":590,\"caption\":\"Babylon.fr - Formations en ligne\"},\"image\":{\"@id\":\"https:\/\/www.babylon.fr\/campus\/#\/schema\/logo\/image\/\"},\"sameAs\":[\"https:\/\/www.facebook.com\/Babylonfr-100159921380072\/\",\"https:\/\/www.linkedin.com\/in\/jean-michel-pauline-25945535\/\",\"https:\/\/www.youtube.com\/channel\/UCA4ULj0pi7937eKQ7l94mTw\"]}]}<\/script>\n<!-- \/ Yoast SEO plugin. -->","yoast_head_json":{"title":"Mentions l\u00e9gales - Le campus de Babylon.fr","description":"Acc\u00e9dez aux mentions l\u00e9gales du campus de formation. Babylon.fr est un organisme de formation sp\u00e9cialis\u00e9 dans les formation cr\u00e9dits, assurances, orias, IAS, IOBSP.","robots":{"index":"index","follow":"follow","max-snippet":"max-snippet:-1","max-image-preview":"max-image-preview:large","max-video-preview":"max-video-preview:-1"},"canonical":"https:\/\/www.babylon.fr\/campus\/mentions-legales-organisme-formation-en-ligne-ias-iobsp\/","og_locale":"fr_FR","og_type":"article","og_title":"Mentions l\u00e9gales - Le campus de Babylon.fr","og_description":"Acc\u00e9dez aux mentions l\u00e9gales du campus de formation. Babylon.fr est un organisme de formation sp\u00e9cialis\u00e9 dans les formation cr\u00e9dits, assurances, orias, IAS, IOBSP.","og_url":"https:\/\/www.babylon.fr\/campus\/mentions-legales-organisme-formation-en-ligne-ias-iobsp\/","og_site_name":"Le campus de Babylon.fr","article_publisher":"https:\/\/www.facebook.com\/Babylonfr-100159921380072\/","article_modified_time":"2025-12-30T12:43:25+00:00","schema":{"@context":"https:\/\/schema.org","@graph":[{"@type":"WebPage","@id":"https:\/\/www.babylon.fr\/campus\/mentions-legales-organisme-formation-en-ligne-ias-iobsp\/","url":"https:\/\/www.babylon.fr\/campus\/mentions-legales-organisme-formation-en-ligne-ias-iobsp\/","name":"Mentions l\u00e9gales - Le campus de Babylon.fr","isPartOf":{"@id":"https:\/\/www.babylon.fr\/campus\/#website"},"datePublished":"2019-12-16T13:26:22+00:00","dateModified":"2025-12-30T12:43:25+00:00","description":"Acc\u00e9dez aux mentions l\u00e9gales du campus de formation. Babylon.fr est un organisme de formation sp\u00e9cialis\u00e9 dans les formation cr\u00e9dits, assurances, orias, IAS, IOBSP.","breadcrumb":{"@id":"https:\/\/www.babylon.fr\/campus\/mentions-legales-organisme-formation-en-ligne-ias-iobsp\/#breadcrumb"},"inLanguage":"fr-FR","potentialAction":[{"@type":"ReadAction","target":["https:\/\/www.babylon.fr\/campus\/mentions-legales-organisme-formation-en-ligne-ias-iobsp\/"]}]},{"@type":"BreadcrumbList","@id":"https:\/\/www.babylon.fr\/campus\/mentions-legales-organisme-formation-en-ligne-ias-iobsp\/#breadcrumb","itemListElement":[{"@type":"ListItem","position":1,"name":"Accueil","item":"https:\/\/www.babylon.fr\/campus\/"},{"@type":"ListItem","position":2,"name":"Mentions l\u00e9gales"}]},{"@type":"WebSite","@id":"https:\/\/www.babylon.fr\/campus\/#website","url":"https:\/\/www.babylon.fr\/campus\/","name":"Le campus de Babylon.fr","description":"Le campus de Babylon.fr","publisher":{"@id":"https:\/\/www.babylon.fr\/campus\/#organization"},"potentialAction":[{"@type":"SearchAction","target":{"@type":"EntryPoint","urlTemplate":"https:\/\/www.babylon.fr\/campus\/?s={search_term_string}"},"query-input":{"@type":"PropertyValueSpecification","valueRequired":true,"valueName":"search_term_string"}}],"inLanguage":"fr-FR"},{"@type":"Organization","@id":"https:\/\/www.babylon.fr\/campus\/#organization","name":"Babylon.fr - Formations en ligne","url":"https:\/\/www.babylon.fr\/campus\/","logo":{"@type":"ImageObject","inLanguage":"fr-FR","@id":"https:\/\/www.babylon.fr\/campus\/#\/schema\/logo\/image\/","url":"https:\/\/www.babylon.fr\/campus\/wp-content\/uploads\/2020\/04\/Logo_babylon-fr-le-campus_couleur.png","contentUrl":"https:\/\/www.babylon.fr\/campus\/wp-content\/uploads\/2020\/04\/Logo_babylon-fr-le-campus_couleur.png","width":1180,"height":590,"caption":"Babylon.fr - Formations en ligne"},"image":{"@id":"https:\/\/www.babylon.fr\/campus\/#\/schema\/logo\/image\/"},"sameAs":["https:\/\/www.facebook.com\/Babylonfr-100159921380072\/","https:\/\/www.linkedin.com\/in\/jean-michel-pauline-25945535\/","https:\/\/www.youtube.com\/channel\/UCA4ULj0pi7937eKQ7l94mTw"]}]}},"_links":{"self":[{"href":"https:\/\/www.babylon.fr\/campus\/wp-json\/wp\/v2\/pages\/1838","targetHints":{"allow":["GET"]}}],"collection":[{"href":"https:\/\/www.babylon.fr\/campus\/wp-json\/wp\/v2\/pages"}],"about":[{"href":"https:\/\/www.babylon.fr\/campus\/wp-json\/wp\/v2\/types\/page"}],"author":[{"embeddable":true,"href":"https:\/\/www.babylon.fr\/campus\/wp-json\/wp\/v2\/users\/5"}],"replies":[{"embeddable":true,"href":"https:\/\/www.babylon.fr\/campus\/wp-json\/wp\/v2\/comments?post=1838"}],"version-history":[{"count":39,"href":"https:\/\/www.babylon.fr\/campus\/wp-json\/wp\/v2\/pages\/1838\/revisions"}],"predecessor-version":[{"id":22003,"href":"https:\/\/www.babylon.fr\/campus\/wp-json\/wp\/v2\/pages\/1838\/revisions\/22003"}],"wp:attachment":[{"href":"https:\/\/www.babylon.fr\/campus\/wp-json\/wp\/v2\/media?parent=1838"}],"curies":[{"name":"wp","href":"https:\/\/api.w.org\/{rel}","templated":true}]}}